{"id":729,"date":"2023-07-18T00:47:34","date_gmt":"2023-07-17T22:47:34","guid":{"rendered":"https:\/\/galeriesalvador.com\/?page_id=729"},"modified":"2023-07-18T00:50:32","modified_gmt":"2023-07-17T22:50:32","slug":"terms-conditions","status":"publish","type":"page","link":"https:\/\/galeriesalvador.com\/fr\/terms-conditions\/","title":{"rendered":"Terms &#038; Conditions"},"content":{"rendered":"<p><b>Conditions G\u00e9n\u00e9rales de Vente (CGV) \u2013 Fran\u00e7ais<\/b><\/p>\n<ul>\n<li><b>Informations G\u00e9n\u00e9rales :<span class=\"Apple-converted-space\">\u00a0<\/span><\/b><\/li>\n<\/ul>\n<p><strong>Raison Sociale :<\/strong> <br \/>SARL SALVADOR (GALERIE SALVADOR CASSIS)<span class=\"Apple-converted-space\">\u00a0<\/span><\/p>\n<p><strong>Adresse :<span class=\"Apple-converted-space\">\u00a0<br \/><\/span><\/strong>Avenue Jules Massenet<br \/>13470 CARNOUX-EN-PROVENCE<br \/>FRANCE<\/p>\n<p><strong>Etablissement :<span class=\"Apple-converted-space\">\u00a0<br \/><\/span><\/strong>GALERIE SALVADOR CASSIS<span class=\"Apple-converted-space\">\u00a0<br \/><\/span>40, rue du Jeune Anacharsis<br \/>13260 CASSIS<br \/>FRANCE<span class=\"Apple-converted-space\">\u00a0<\/span><\/p>\n<p>T\u00e9l\u00e9phone : +33(0)695882636<span class=\"Apple-converted-space\">\u00a0<br \/><\/span>contact@galeriesalvador.com<br \/>SIRET: 84789259300017<\/p>\n<p><strong>Repr\u00e9sentant l\u00e9gal :<\/strong> Marie JEAN-ORTIZ<\/p>\n<p><strong>Registre du commerce et des soci\u00e9t\u00e9s :<\/strong> Marseille B 847 892\u00a0593<\/p>\n<p><strong>TVA intracommunautaire :<\/strong> FR37847892593<\/p>\n<ul>\n<li><b>Produits et services :<\/b><\/li>\n<\/ul>\n<ul>\n<li>Vente et n\u00e9goce d\u2019objets d\u2019Art (tableaux, sculptures, livres, \u0153uvres diverses\u2026).<\/li>\n<li>Indication de la disponibilit\u00e9 des produits et services.<\/li>\n<li>Tous les tarifs indiqu\u00e9s sur le site internet de la SARL SALVADOR sont T.T.C., suivant le R\u00e9gime particulier - Objets d\u2019Art - Article 297 A et suivants du CGI - Directive Communautaire 2006\/112\/CE.<\/li>\n<\/ul>\n<ul>\n<li><b>Paiement :<\/b><\/li>\n<\/ul>\n<ul>\n<li>Modes de paiement accept\u00e9s : carte de cr\u00e9dit (VISA, Mastercard\u2026), virement bancaire (uniquement via des \u00e9tablissements bancaires autoris\u00e9s \u00e0 exercer une activit\u00e9 sur le Territoire Fran\u00e7ais), PayPal, ApplePay...<\/li>\n<li>Conditions de paiement : Paiement de la totalit\u00e9 du montant du\/des objet(s) achet\u00e9(s) sur le site Internet. Aucune commande ne sera valid\u00e9e sans preuve du paiement acquitt\u00e9, ou sans validation du paiement en ligne (carte de cr\u00e9dit, PayPal, ApplePay...).<\/li>\n<li>Politique de confidentialit\u00e9 et de s\u00e9curit\u00e9 des donn\u00e9es de paiement assur\u00e9e.<\/li>\n<\/ul>\n<ul>\n<li><b>Livraison et exp\u00e9dition :<\/b><\/li>\n<\/ul>\n<ul>\n<li>Modes de livraison propos\u00e9s : livraison standard La Poste France (sur demande), livraison standard et express via notre partenaire FEDEX (options s\u00e9lectionnables lors du \u00ab checkout \u00bb), retrait gratuit en Galerie\u2026 Tout autre service de transport disponible \u00e0 la demande du client (\u00e0 cet effect, merci de nous contacter : contact@galeriesalvador.com).<\/li>\n<li>Tous frais (transport, douanes et autres divers frais d\u2019importation, TVA\u2026) sont \u00e0 la charge de l\u2019acheteur. Pour plus d\u2019informations concernant la taxation dans votre pays d\u2019import, merci de vous rapprocher des autorit\u00e9s comp\u00e9tentes. Aucune r\u00e9clamation sur ces taxes et frais divers ne pourra \u00eatre effectu\u00e9e aupr\u00e8s de la GALERIE SALVADOR.<\/li>\n<li>Limitation de responsabilit\u00e9 pour les livraisons internationales : \u00c9tant donn\u00e9 que les livraisons internationales peuvent \u00eatre soumises \u00e0 des facteurs hors du contr\u00f4le de la GALERIE SALVADOR, tels que les douanes, les retards de transport, les frais d\u2019importation, la GALERIE SALVADOR ne peut \u00eatre tenu comme responsable des divers probl\u00e8mes pouvant survenir lors de toute livraison internationale.<\/li>\n<li>Livraison dans le monde entier, sauf en cas de force majeur, et sous r\u00e9serve de l\u2019accord par le\/les transporteurs quant \u00e0 la destination finale de livraison. Selon le mode de livraison s\u00e9lectionn\u00e9, aucune assurance n\u2019est incluse par d\u00e9faut. Le client doit pr\u00e9ciser \u00e0 la GALERIE SALVADOR s\u2019il souhaite souscrire \u00e0 une assurance couvrant tout ou partie de la valeur de l\u2019\u0153uvre, ce surco\u00fbt est \u00e0 la charge du client et d\u00e9pend de plusieurs facteurs dont la destination finale, la valeur de l\u2019objet\u2026 La GALERIE SALVADOR ne peut en aucun \u00eatre tenu cas responsable des potentiels avaries caus\u00e9es durant le transport (vol, perte, d\u00e9gradation\u2026).<\/li>\n<li>Exp\u00e9dition : exp\u00e9dition de(s) \u0153uvre(s) par la GALERIE SALVADOR sous 3 \u00e0 7 jours ouvr\u00e9s, sauf cas de force majeur, sauf autre pr\u00e9cision de la part de la GALERIE SALVADOR. Emballage des \u0153uvres standard en tube roul\u00e9 ou colis carton (sauf mention diff\u00e9rente dans le descriptif de chaque \u0153uvre). Livraison sur demande sp\u00e9cifique en caisse bois ou tout autre emballage, aux frais du client. Pour les \u0153uvres sp\u00e9cifi\u00e9es comme \u00ab encadr\u00e9 \u00bb (verre ou plexiglas), nous conseillons fortement un envoi d\u00e9cadr\u00e9 si l\u2019\u0153uvre le permet et avec l\u2019accord du client (envoi en tube roul\u00e9 ou colis carton). En aucun cas la GALERIE SALVADOR ne pourra \u00eatre tenu responsable de la d\u00e9gradation d\u2019une \u0153uvre \u00e0 r\u00e9ception (d\u00e9chirures caus\u00e9es par le verre bris\u00e9 pendant le transport ou toute autre d\u00e9gradation survenant pendant le transport).<\/li>\n<li>D\u00e9lai de livraison : 3 \u00e0 30+ jours suivant le mode d\u2019exp\u00e9dition s\u00e9lectionn\u00e9, selon la destination, et selon les diverses formalit\u00e9s d\u2019import\/export de l\u2019\u0153uvre achet\u00e9e par les autorit\u00e9s comp\u00e9tentes.<\/li>\n<li>Frais de livraison applicables, indiqu\u00e9s de mani\u00e8re transparente et d\u00e9taill\u00e9e lors du \u00ab CHECKOUT \u00bb, au moment du r\u00e8glement de la commande sur le site internet. Pour toute question concernant le transport et\/ou les frais de livraison et\/ou les d\u00e9lais de livraison (voir points ci-dessus), merci de contacter : contact@galeriesalvador.com . Une r\u00e9ponse sera assur\u00e9e dans les 3 jours ouvr\u00e9s suivant la r\u00e9ception du courriel du client.<\/li>\n<\/ul>\n<ul>\n<li><b>Droit de r\u00e9tractation et retours :<\/b><\/li>\n<\/ul>\n<ul>\n<li>Tout achat est final. Aucun retour ni remboursement ne sera accept\u00e9, sauf erreur de description\/dimension\/\u00e9tat du produit exp\u00e9di\u00e9 qui serait diff\u00e9rent de la description sur le site internet de la GALERIE SALVADOR au moment de l\u2019achat initial par le client.<\/li>\n<li>Proc\u00e9dure de retour des produits : Si le retour du\/des produit(s) est\/sont accept\u00e9(s) (les conditions d\u2019\u00e9ligibilit\u00e9 du retour doivent absolument \u00eatre valid\u00e9es et confirm\u00e9es par la GALERIE SALVADOR avant toute proc\u00e9dure de retour), tous les frais engendr\u00e9s par ce retour seront \u00e0 la charge de l\u2019acheteur\/client.<\/li>\n<\/ul>\n<ul>\n<li><b>Garanties et responsabilit\u00e9s :<\/b><\/li>\n<\/ul>\n<ul>\n<li>La GALERIE SALVADOR garantie l\u2019authenticit\u00e9 de toutes les \u0153uvres en vente sur le site internet www.galeriesalvador.com et fournira un Certificat d\u2019Authenticit\u00e9 unique au client lors de tout achat d\u2019\u0153uvre d\u2019art.<\/li>\n<li>Responsabilit\u00e9 de la galerie en cas de non-conformit\u00e9 des produits ou de vices cach\u00e9s.<\/li>\n<li>Limitation de responsabilit\u00e9 pour les dommages indirects ou immat\u00e9riels.<\/li>\n<\/ul>\n<ul>\n<li><b>Propri\u00e9t\u00e9 intellectuelle :<span class=\"Apple-converted-space\">\u00a0<\/span><\/b><\/li>\n<\/ul>\n<p style=\"padding-left: 40px;\">Protection des droits de propri\u00e9t\u00e9 intellectuelle relatifs aux \u0153uvres d'art pr\u00e9sent\u00e9es sur le site. Interdiction de reproduction, de modification, de diffusion ou d'utilisation non autoris\u00e9e des contenus sans l'accord pr\u00e9alable de la GALERIE SALVADOR.<\/p>\n<ul>\n<li><b>Litiges et Droit applicable :<span class=\"Apple-converted-space\">\u00a0<\/span><\/b><\/li>\n<\/ul>\n<p style=\"padding-left: 40px;\">En cas de litige, la loi Fran\u00e7aise sera appliqu\u00e9e, et le Tribunal de Commerce de Marseille sera alors saisi de tout litige.<\/p>\n<ul>\n<li><b>CGV \u2013 Sp\u00e9cifications :<\/b><\/li>\n<\/ul>\n<ul>\n<li>La GALERIE SALVADOR se r\u00e9serve le droit de modifier les pr\u00e9sentes CGV \u00e0 tout moment, ses clients sont amen\u00e9s \u00e0 consulter r\u00e9guli\u00e8rement les CGV mises \u00e0 jour sur le site.<\/li>\n<li>Int\u00e9gralit\u00e9 de l'accord : Les pr\u00e9sentes CGV constituent l'int\u00e9gralit\u00e9 de l'accord entre la GALERIE SALVADOR et le client, annulant et rempla\u00e7ant toute communication ant\u00e9rieure, orale ou \u00e9crite, sur le m\u00eame sujet.<\/li>\n<li>Les CGV ainsi que l\u2019int\u00e9gralit\u00e9 du site internet www.galeriesalvador.com sont r\u00e9dig\u00e9s initialement en Fran\u00e7ais, toute traduction fournie dans une autre langue est uniquement \u00e0 titre informatif, la version fran\u00e7aise faisant foi en cas de tout litige.<\/li>\n<\/ul>","protected":false},"excerpt":{"rendered":"","protected":false},"author":1,"featured_media":0,"parent":0,"menu_order":0,"comment_status":"closed","ping_status":"closed","template":"","meta":{"footnotes":""},"class_list":["post-729","page","type-page","status-publish","hentry"],"_links":{"self":[{"href":"https:\/\/galeriesalvador.com\/fr\/wp-json\/wp\/v2\/pages\/729","targetHints":{"allow":["GET"]}}],"collection":[{"href":"https:\/\/galeriesalvador.com\/fr\/wp-json\/wp\/v2\/pages"}],"about":[{"href":"https:\/\/galeriesalvador.com\/fr\/wp-json\/wp\/v2\/types\/page"}],"author":[{"embeddable":true,"href":"https:\/\/galeriesalvador.com\/fr\/wp-json\/wp\/v2\/users\/1"}],"replies":[{"embeddable":true,"href":"https:\/\/galeriesalvador.com\/fr\/wp-json\/wp\/v2\/comments?post=729"}],"version-history":[{"count":2,"href":"https:\/\/galeriesalvador.com\/fr\/wp-json\/wp\/v2\/pages\/729\/revisions"}],"predecessor-version":[{"id":731,"href":"https:\/\/galeriesalvador.com\/fr\/wp-json\/wp\/v2\/pages\/729\/revisions\/731"}],"wp:attachment":[{"href":"https:\/\/galeriesalvador.com\/fr\/wp-json\/wp\/v2\/media?parent=729"}],"curies":[{"name":"wp","href":"https:\/\/api.w.org\/{rel}","templated":true}]}}