{"id":1000,"date":"2024-09-07T15:05:41","date_gmt":"2024-09-07T13:05:41","guid":{"rendered":"https:\/\/galeriesalvador.com\/?post_type=product&#038;p=1000"},"modified":"2025-10-24T14:31:52","modified_gmt":"2025-10-24T12:31:52","slug":"auguste-chabaud-lecon-piano","status":"publish","type":"product","link":"https:\/\/galeriesalvador.com\/fr\/produit\/auguste-chabaud-lecon-piano\/","title":{"rendered":"Auguste CHABAUD &#8211; &#8220;La Le\u00e7on de Piano&#8221;"},"content":{"rendered":"","protected":false},"excerpt":{"rendered":"<p>Huile sur carton fort<\/p>\n<p>37 x 27 cm (encadr\u00e9 : 58 x 48 cm) &#8211; Oeuvre unique<br \/>\nCirca 1920<\/p>\n<p>Trace de signature en bas \u00e0 droite &#8211; Annot\u00e9 + certificat d&#8217;authenticit\u00e9 manuscrit au dos (Mr Benoit LEONI-CHABAUD, petit-fils de l&#8217;Artiste, dat\u00e9 1975 + Tampon d&#8217;Atelier CHABAUD).<\/p>\n<p>Bon \u00e9tat : petits accidents au carton, en p\u00e9riph\u00e9rie de l&#8217;Oeuvre.<\/p>\n<p>Photos compl\u00e9mentaires et tarif sur demande.<\/p>\n<a href=\"mailto:contact@galeriesalvador.com?subject=Price%20Inquiry%20auguste%20chabaud%20lecon%20piano\" class=\"button primary is-primary is-medium\"  >\n\t\t<span>Tarif sur demande<\/span>\n\t<\/a>","protected":false},"featured_media":1001,"template":"","meta":[],"product_brand":[],"product_cat":[144,137,135,70,73,72],"product_tag":[],"class_list":{"0":"post-1000","1":"product","2":"type-product","3":"status-publish","4":"has-post-thumbnail","6":"product_cat-chabaud","7":"product_cat-misc-provence","8":"product_cat-provence-art","9":"product_cat-artists","10":"product_cat-artworks","11":"product_cat-past-shows","13":"first","14":"instock","15":"sold-individually","16":"taxable","17":"shipping-taxable","18":"product-type-simple"},"_links":{"self":[{"href":"https:\/\/galeriesalvador.com\/fr\/wp-json\/wp\/v2\/product\/1000","targetHints":{"allow":["GET"]}}],"collection":[{"href":"https:\/\/galeriesalvador.com\/fr\/wp-json\/wp\/v2\/product"}],"about":[{"href":"https:\/\/galeriesalvador.com\/fr\/wp-json\/wp\/v2\/types\/product"}],"wp:featuredmedia":[{"embeddable":true,"href":"https:\/\/galeriesalvador.com\/fr\/wp-json\/wp\/v2\/media\/1001"}],"wp:attachment":[{"href":"https:\/\/galeriesalvador.com\/fr\/wp-json\/wp\/v2\/media?parent=1000"}],"wp:term":[{"taxonomy":"product_brand","embeddable":true,"href":"https:\/\/galeriesalvador.com\/fr\/wp-json\/wp\/v2\/product_brand?post=1000"},{"taxonomy":"product_cat","embeddable":true,"href":"https:\/\/galeriesalvador.com\/fr\/wp-json\/wp\/v2\/product_cat?post=1000"},{"taxonomy":"product_tag","embeddable":true,"href":"https:\/\/galeriesalvador.com\/fr\/wp-json\/wp\/v2\/product_tag?post=1000"}],"curies":[{"name":"wp","href":"https:\/\/api.w.org\/{rel}","templated":true}]}}