{"id":1008,"date":"2024-09-12T11:25:50","date_gmt":"2024-09-12T09:25:50","guid":{"rendered":"https:\/\/galeriesalvador.com\/?post_type=product&#038;p=1008"},"modified":"2025-10-24T14:30:35","modified_gmt":"2025-10-24T12:30:35","slug":"fake-lord-ganesh","status":"publish","type":"product","link":"https:\/\/galeriesalvador.com\/fr\/produit\/fake-lord-ganesh\/","title":{"rendered":"FAKE &#8211; &#8220;Lord Ganesh&#8221;"},"content":{"rendered":"","protected":false},"excerpt":{"rendered":"<p>Technique mixte sur toile<br \/>\n120 x 100 cm (125 x 105 cm encadr\u00e9) &#8211; Oeuvre unique<br \/>\n2009 &#8211; Sign\u00e9 dans l\u2019\u0153uvre (c\u00f4t\u00e9) + sign\u00e9 \/ dat\u00e9 dos<\/p>\n<p>L\u00e9g\u00e8res craquelures<br \/>\nEncadr\u00e9 \u201ccaisse am\u00e9ricaine\u201d noir mat<\/p>","protected":false},"featured_media":974,"template":"","meta":[],"product_brand":[],"product_cat":[138,136,70,73,74,75,77,72],"product_tag":[],"class_list":{"0":"post-1008","1":"product","2":"type-product","3":"status-publish","4":"has-post-thumbnail","6":"product_cat-fake","7":"product_cat-misc-contemporain","8":"product_cat-artists","9":"product_cat-artworks","10":"product_cat-contemporary-art","11":"product_cat-graffiti","12":"product_cat-urban","13":"product_cat-past-shows","15":"first","16":"instock","17":"sold-individually","18":"taxable","19":"shipping-taxable","20":"purchasable","21":"product-type-simple"},"_links":{"self":[{"href":"https:\/\/galeriesalvador.com\/fr\/wp-json\/wp\/v2\/product\/1008","targetHints":{"allow":["GET"]}}],"collection":[{"href":"https:\/\/galeriesalvador.com\/fr\/wp-json\/wp\/v2\/product"}],"about":[{"href":"https:\/\/galeriesalvador.com\/fr\/wp-json\/wp\/v2\/types\/product"}],"wp:featuredmedia":[{"embeddable":true,"href":"https:\/\/galeriesalvador.com\/fr\/wp-json\/wp\/v2\/media\/974"}],"wp:attachment":[{"href":"https:\/\/galeriesalvador.com\/fr\/wp-json\/wp\/v2\/media?parent=1008"}],"wp:term":[{"taxonomy":"product_brand","embeddable":true,"href":"https:\/\/galeriesalvador.com\/fr\/wp-json\/wp\/v2\/product_brand?post=1008"},{"taxonomy":"product_cat","embeddable":true,"href":"https:\/\/galeriesalvador.com\/fr\/wp-json\/wp\/v2\/product_cat?post=1008"},{"taxonomy":"product_tag","embeddable":true,"href":"https:\/\/galeriesalvador.com\/fr\/wp-json\/wp\/v2\/product_tag?post=1008"}],"curies":[{"name":"wp","href":"https:\/\/api.w.org\/{rel}","templated":true}]}}