{"id":1022,"date":"2024-09-12T12:29:21","date_gmt":"2024-09-12T10:29:21","guid":{"rendered":"https:\/\/galeriesalvador.com\/?post_type=product&#038;p=1022"},"modified":"2025-10-24T14:29:04","modified_gmt":"2025-10-24T12:29:04","slug":"niki-de-saint-phalle-what-shall-i-do-next-year","status":"publish","type":"product","link":"https:\/\/galeriesalvador.com\/fr\/produit\/niki-de-saint-phalle-what-shall-i-do-next-year\/","title":{"rendered":"Niki DE SAINT PHALLE &#8211; &#8220;What shall I do ? Next Year ?&#8221;"},"content":{"rendered":"","protected":false},"excerpt":{"rendered":"<p>S\u00e9rigraphie couleurs sur Arches<br \/>\n76 x 56 cm (81 x 61 cm encadr\u00e9) &#8211; Catalogue raisonn\u00e9 : Ulm-Chenivesse 64<br \/>\nEdit\u00e9 par Esselier &#8211; Imprim\u00e9 par Michel Caza<br \/>\n1970 &#8211; Sign\u00e9 par l\u2019Artiste &#8211; Num\u00e9rot\u00e9 115\/115 !<br \/>\nEncadr\u00e9 &#8211; Tr\u00e8s bon \u00e9tat : l\u00e9ger brunissement en marge uniquement<\/p>\n<a href=\"mailto:contact@galeriesalvador.com?subject=Price%20Inquiry%20niki%20saint%20phalle%20wsidny\" class=\"button primary is-primary is-medium\"  >\n\t\t<span>Tarif sur demande<\/span>\n\t<\/a>","protected":false},"featured_media":976,"template":"","meta":[],"product_brand":[],"product_cat":[136,140,15,70,73,74,72],"product_tag":[],"class_list":{"0":"post-1022","1":"product","2":"type-product","3":"status-publish","4":"has-post-thumbnail","6":"product_cat-misc-contemporain","7":"product_cat-niki","8":"product_cat-uncategorized","9":"product_cat-artists","10":"product_cat-artworks","11":"product_cat-contemporary-art","12":"product_cat-past-shows","14":"first","15":"instock","16":"sold-individually","17":"taxable","18":"shipping-taxable","19":"product-type-simple"},"_links":{"self":[{"href":"https:\/\/galeriesalvador.com\/fr\/wp-json\/wp\/v2\/product\/1022","targetHints":{"allow":["GET"]}}],"collection":[{"href":"https:\/\/galeriesalvador.com\/fr\/wp-json\/wp\/v2\/product"}],"about":[{"href":"https:\/\/galeriesalvador.com\/fr\/wp-json\/wp\/v2\/types\/product"}],"wp:featuredmedia":[{"embeddable":true,"href":"https:\/\/galeriesalvador.com\/fr\/wp-json\/wp\/v2\/media\/976"}],"wp:attachment":[{"href":"https:\/\/galeriesalvador.com\/fr\/wp-json\/wp\/v2\/media?parent=1022"}],"wp:term":[{"taxonomy":"product_brand","embeddable":true,"href":"https:\/\/galeriesalvador.com\/fr\/wp-json\/wp\/v2\/product_brand?post=1022"},{"taxonomy":"product_cat","embeddable":true,"href":"https:\/\/galeriesalvador.com\/fr\/wp-json\/wp\/v2\/product_cat?post=1022"},{"taxonomy":"product_tag","embeddable":true,"href":"https:\/\/galeriesalvador.com\/fr\/wp-json\/wp\/v2\/product_tag?post=1022"}],"curies":[{"name":"wp","href":"https:\/\/api.w.org\/{rel}","templated":true}]}}