{"id":1029,"date":"2024-09-12T12:52:56","date_gmt":"2024-09-12T10:52:56","guid":{"rendered":"https:\/\/galeriesalvador.com\/?post_type=product&#038;p=1029"},"modified":"2025-10-24T14:28:06","modified_gmt":"2025-10-24T12:28:06","slug":"tkid-orange-terrible-kid","status":"publish","type":"product","link":"https:\/\/galeriesalvador.com\/fr\/produit\/tkid-orange-terrible-kid\/","title":{"rendered":"TKID &#8211; &#8220;Orange Terrible Kid&#8221;"},"content":{"rendered":"","protected":false},"excerpt":{"rendered":"<p>Technique Mixte sur toile (Acrylique, bombe a\u00e9rosol\u2026)<\/p>\n<p>Circa 2010 \u2013 Sign\u00e9 dans l\u2019Oeuvre<br \/>\n50 x 40 cm environ (encadr\u00e9 : 56 x 46 cm) \u2013 Oeuvre Unique<\/p>\n<p>Encadr\u00e9 &#8220;caisse am\u00e9ricaine&#8221; noir mat<\/p>\n<p>Possibilit\u00e9 de livraison\/retrait Galerie. N\u2019h\u00e9sitez pas \u00e0 nous contacter concernant les modalit\u00e9s de livraisons.<\/p>","protected":false},"featured_media":1030,"template":"","meta":[],"product_brand":[],"product_cat":[136,130,118,70,73,74,75,77,72],"product_tag":[],"class_list":{"0":"post-1029","1":"product","2":"type-product","3":"status-publish","4":"has-post-thumbnail","6":"product_cat-misc-contemporain","7":"product_cat-nyc-legends","8":"product_cat-tkid","9":"product_cat-artists","10":"product_cat-artworks","11":"product_cat-contemporary-art","12":"product_cat-graffiti","13":"product_cat-urban","14":"product_cat-past-shows","16":"first","17":"instock","18":"sold-individually","19":"taxable","20":"shipping-taxable","21":"purchasable","22":"product-type-simple"},"_links":{"self":[{"href":"https:\/\/galeriesalvador.com\/fr\/wp-json\/wp\/v2\/product\/1029","targetHints":{"allow":["GET"]}}],"collection":[{"href":"https:\/\/galeriesalvador.com\/fr\/wp-json\/wp\/v2\/product"}],"about":[{"href":"https:\/\/galeriesalvador.com\/fr\/wp-json\/wp\/v2\/types\/product"}],"wp:featuredmedia":[{"embeddable":true,"href":"https:\/\/galeriesalvador.com\/fr\/wp-json\/wp\/v2\/media\/1030"}],"wp:attachment":[{"href":"https:\/\/galeriesalvador.com\/fr\/wp-json\/wp\/v2\/media?parent=1029"}],"wp:term":[{"taxonomy":"product_brand","embeddable":true,"href":"https:\/\/galeriesalvador.com\/fr\/wp-json\/wp\/v2\/product_brand?post=1029"},{"taxonomy":"product_cat","embeddable":true,"href":"https:\/\/galeriesalvador.com\/fr\/wp-json\/wp\/v2\/product_cat?post=1029"},{"taxonomy":"product_tag","embeddable":true,"href":"https:\/\/galeriesalvador.com\/fr\/wp-json\/wp\/v2\/product_tag?post=1029"}],"curies":[{"name":"wp","href":"https:\/\/api.w.org\/{rel}","templated":true}]}}