{"id":1038,"date":"2024-10-12T11:15:21","date_gmt":"2024-10-12T09:15:21","guid":{"rendered":"https:\/\/galeriesalvador.com\/?post_type=product&#038;p=1038"},"modified":"2025-10-24T14:06:58","modified_gmt":"2025-10-24T12:06:58","slug":"van-khache-soleil","status":"publish","type":"product","link":"https:\/\/galeriesalvador.com\/fr\/produit\/van-khache-soleil\/","title":{"rendered":"Serge VAN KHACHE &#8211; &#8220;Le Soleil&#8221;"},"content":{"rendered":"","protected":false},"excerpt":{"rendered":"<p>Huile sur Toile<\/p>\n<p>Sign\u00e9 en bas \u00e0 gauche (+ sign\u00e9 \/ titr\u00e9 \/ cachet au dos)<br \/>\n46 x 38 cm environ (encadr\u00e9 : 61 x 53 cm) \u2013 Oeuvre Unique<\/p>\n<p>Encadr\u00e9<\/p>","protected":false},"featured_media":1039,"template":"","meta":[],"product_brand":[],"product_cat":[153,150,70,73,74,46],"product_tag":[],"class_list":{"0":"post-1038","1":"product","2":"type-product","3":"status-publish","4":"has-post-thumbnail","6":"product_cat-oneiros","7":"product_cat-van-khache","8":"product_cat-artists","9":"product_cat-artworks","10":"product_cat-contemporary-art","11":"product_cat-current-show","13":"first","14":"instock","15":"sold-individually","16":"taxable","17":"shipping-taxable","18":"purchasable","19":"product-type-simple"},"_links":{"self":[{"href":"https:\/\/galeriesalvador.com\/fr\/wp-json\/wp\/v2\/product\/1038","targetHints":{"allow":["GET"]}}],"collection":[{"href":"https:\/\/galeriesalvador.com\/fr\/wp-json\/wp\/v2\/product"}],"about":[{"href":"https:\/\/galeriesalvador.com\/fr\/wp-json\/wp\/v2\/types\/product"}],"wp:featuredmedia":[{"embeddable":true,"href":"https:\/\/galeriesalvador.com\/fr\/wp-json\/wp\/v2\/media\/1039"}],"wp:attachment":[{"href":"https:\/\/galeriesalvador.com\/fr\/wp-json\/wp\/v2\/media?parent=1038"}],"wp:term":[{"taxonomy":"product_brand","embeddable":true,"href":"https:\/\/galeriesalvador.com\/fr\/wp-json\/wp\/v2\/product_brand?post=1038"},{"taxonomy":"product_cat","embeddable":true,"href":"https:\/\/galeriesalvador.com\/fr\/wp-json\/wp\/v2\/product_cat?post=1038"},{"taxonomy":"product_tag","embeddable":true,"href":"https:\/\/galeriesalvador.com\/fr\/wp-json\/wp\/v2\/product_tag?post=1038"}],"curies":[{"name":"wp","href":"https:\/\/api.w.org\/{rel}","templated":true}]}}