{"id":1084,"date":"2025-10-24T14:45:51","date_gmt":"2025-10-24T12:45:51","guid":{"rendered":"https:\/\/galeriesalvador.com\/?post_type=product&#038;p=1084"},"modified":"2026-01-09T10:47:01","modified_gmt":"2026-01-09T09:47:01","slug":"serge-van-khache-la-ville-a-voile","status":"publish","type":"product","link":"https:\/\/galeriesalvador.com\/fr\/produit\/serge-van-khache-la-ville-a-voile\/","title":{"rendered":"Serge VAN KHACHE &#8211; &#8220;La Ville \u00e0 Voile&#8221;"},"content":{"rendered":"","protected":false},"excerpt":{"rendered":"<p>Huile sur Toile<\/p>\n<p>Sign\u00e9 en bas \u00e0 droite (+ sign\u00e9 \/ titr\u00e9 au dos)<br \/>\n72 x 60 cm environ (encadr\u00e9 : 108 x 95 cm environ) \u2013 Oeuvre Unique<\/p>\n<p>Encadr\u00e9<\/p>","protected":false},"featured_media":1085,"template":"","meta":[],"product_brand":[],"product_cat":[84,153,150,70,73,74,46],"product_tag":[],"class_list":{"0":"post-1084","1":"product","2":"type-product","3":"status-publish","4":"has-post-thumbnail","6":"product_cat-new-arrivals","7":"product_cat-oneiros","8":"product_cat-van-khache","9":"product_cat-artists","10":"product_cat-artworks","11":"product_cat-contemporary-art","12":"product_cat-current-show","14":"first","15":"outofstock","16":"sold-individually","17":"taxable","18":"shipping-taxable","19":"purchasable","20":"product-type-simple"},"_links":{"self":[{"href":"https:\/\/galeriesalvador.com\/fr\/wp-json\/wp\/v2\/product\/1084","targetHints":{"allow":["GET"]}}],"collection":[{"href":"https:\/\/galeriesalvador.com\/fr\/wp-json\/wp\/v2\/product"}],"about":[{"href":"https:\/\/galeriesalvador.com\/fr\/wp-json\/wp\/v2\/types\/product"}],"wp:featuredmedia":[{"embeddable":true,"href":"https:\/\/galeriesalvador.com\/fr\/wp-json\/wp\/v2\/media\/1085"}],"wp:attachment":[{"href":"https:\/\/galeriesalvador.com\/fr\/wp-json\/wp\/v2\/media?parent=1084"}],"wp:term":[{"taxonomy":"product_brand","embeddable":true,"href":"https:\/\/galeriesalvador.com\/fr\/wp-json\/wp\/v2\/product_brand?post=1084"},{"taxonomy":"product_cat","embeddable":true,"href":"https:\/\/galeriesalvador.com\/fr\/wp-json\/wp\/v2\/product_cat?post=1084"},{"taxonomy":"product_tag","embeddable":true,"href":"https:\/\/galeriesalvador.com\/fr\/wp-json\/wp\/v2\/product_tag?post=1084"}],"curies":[{"name":"wp","href":"https:\/\/api.w.org\/{rel}","templated":true}]}}