{"id":1087,"date":"2025-10-24T14:57:17","date_gmt":"2025-10-24T12:57:17","guid":{"rendered":"https:\/\/galeriesalvador.com\/?post_type=product&#038;p=1087"},"modified":"2025-10-24T15:00:35","modified_gmt":"2025-10-24T13:00:35","slug":"salvador-dali-le-bureaucrate","status":"publish","type":"product","link":"https:\/\/galeriesalvador.com\/fr\/produit\/salvador-dali-le-bureaucrate\/","title":{"rendered":"Salvador DALI &#8211; &#8220;Le Bureaucrate&#8221;"},"content":{"rendered":"","protected":false},"excerpt":{"rendered":"<p>Gravure pointe s\u00e8che sur papier d\u2019Arches<br \/>\nR\u00e9f\u00e9rences : Field p. 76 (69-2) &#8211; Michler-L\u00f6psinger Tome I p. 174 (ref. 343)<br \/>\n57 x 38 cm env. (cuvette : 34 x 27 cm env.) &#8211; Tirage Limit\u00e9 num\u00e9rot\u00e9 ( \/120)<br \/>\n1969 &#8211; Sign\u00e9 main en bas \u00e0 droite par Salvador DALI<\/p>\n<p>Photos et informations compl\u00e9mentaires sur demande.<\/p>\n<p>Encadr\u00e9.<\/p>","protected":false},"featured_media":1088,"template":"","meta":[],"product_brand":[],"product_cat":[126,84,153,70,73,74,46],"product_tag":[],"class_list":{"0":"post-1087","1":"product","2":"type-product","3":"status-publish","4":"has-post-thumbnail","6":"product_cat-dali","7":"product_cat-new-arrivals","8":"product_cat-oneiros","9":"product_cat-artists","10":"product_cat-artworks","11":"product_cat-contemporary-art","12":"product_cat-current-show","14":"first","15":"instock","16":"sold-individually","17":"taxable","18":"shipping-taxable","19":"purchasable","20":"product-type-simple"},"_links":{"self":[{"href":"https:\/\/galeriesalvador.com\/fr\/wp-json\/wp\/v2\/product\/1087","targetHints":{"allow":["GET"]}}],"collection":[{"href":"https:\/\/galeriesalvador.com\/fr\/wp-json\/wp\/v2\/product"}],"about":[{"href":"https:\/\/galeriesalvador.com\/fr\/wp-json\/wp\/v2\/types\/product"}],"wp:featuredmedia":[{"embeddable":true,"href":"https:\/\/galeriesalvador.com\/fr\/wp-json\/wp\/v2\/media\/1088"}],"wp:attachment":[{"href":"https:\/\/galeriesalvador.com\/fr\/wp-json\/wp\/v2\/media?parent=1087"}],"wp:term":[{"taxonomy":"product_brand","embeddable":true,"href":"https:\/\/galeriesalvador.com\/fr\/wp-json\/wp\/v2\/product_brand?post=1087"},{"taxonomy":"product_cat","embeddable":true,"href":"https:\/\/galeriesalvador.com\/fr\/wp-json\/wp\/v2\/product_cat?post=1087"},{"taxonomy":"product_tag","embeddable":true,"href":"https:\/\/galeriesalvador.com\/fr\/wp-json\/wp\/v2\/product_tag?post=1087"}],"curies":[{"name":"wp","href":"https:\/\/api.w.org\/{rel}","templated":true}]}}