{"id":1095,"date":"2025-10-24T15:11:22","date_gmt":"2025-10-24T13:11:22","guid":{"rendered":"https:\/\/galeriesalvador.com\/?post_type=product&#038;p=1095"},"modified":"2025-10-24T15:13:40","modified_gmt":"2025-10-24T13:13:40","slug":"isabelle-plante-la-vie-de-chateau-2","status":"publish","type":"product","link":"https:\/\/galeriesalvador.com\/fr\/produit\/isabelle-plante-la-vie-de-chateau-2\/","title":{"rendered":"Isabelle PLANT\u00c9 &#8211; &#8220;La Vie de Ch\u00e2teau&#8221;"},"content":{"rendered":"","protected":false},"excerpt":{"rendered":"<p>Huile sur Toile<\/p>\n<p>Sign\u00e9 en bas \u00e0 gauche\u00a0 (+ sign\u00e9 \/ titr\u00e9 au dos)<br \/>\n81 x 100 cm environ (encadr\u00e9 : 94 x 113 cm environ) \u2013 Oeuvre Unique<\/p>\n<p>Encadr\u00e9<\/p>\n<p>NB : Il a \u00e9t\u00e9 \u00e9dit\u00e9 une Lithographie de cette Oeuvre \/ 250 exemplaires (1 disponible).<\/p>","protected":false},"featured_media":1092,"template":"","meta":[],"product_brand":[],"product_cat":[154,84,153,70,73,74,46],"product_tag":[],"class_list":{"0":"post-1095","1":"product","2":"type-product","3":"status-publish","4":"has-post-thumbnail","6":"product_cat-plante","7":"product_cat-new-arrivals","8":"product_cat-oneiros","9":"product_cat-artists","10":"product_cat-artworks","11":"product_cat-contemporary-art","12":"product_cat-current-show","14":"first","15":"instock","16":"sold-individually","17":"taxable","18":"shipping-taxable","19":"purchasable","20":"product-type-simple"},"_links":{"self":[{"href":"https:\/\/galeriesalvador.com\/fr\/wp-json\/wp\/v2\/product\/1095","targetHints":{"allow":["GET"]}}],"collection":[{"href":"https:\/\/galeriesalvador.com\/fr\/wp-json\/wp\/v2\/product"}],"about":[{"href":"https:\/\/galeriesalvador.com\/fr\/wp-json\/wp\/v2\/types\/product"}],"wp:featuredmedia":[{"embeddable":true,"href":"https:\/\/galeriesalvador.com\/fr\/wp-json\/wp\/v2\/media\/1092"}],"wp:attachment":[{"href":"https:\/\/galeriesalvador.com\/fr\/wp-json\/wp\/v2\/media?parent=1095"}],"wp:term":[{"taxonomy":"product_brand","embeddable":true,"href":"https:\/\/galeriesalvador.com\/fr\/wp-json\/wp\/v2\/product_brand?post=1095"},{"taxonomy":"product_cat","embeddable":true,"href":"https:\/\/galeriesalvador.com\/fr\/wp-json\/wp\/v2\/product_cat?post=1095"},{"taxonomy":"product_tag","embeddable":true,"href":"https:\/\/galeriesalvador.com\/fr\/wp-json\/wp\/v2\/product_tag?post=1095"}],"curies":[{"name":"wp","href":"https:\/\/api.w.org\/{rel}","templated":true}]}}