{"id":1098,"date":"2025-10-24T15:16:15","date_gmt":"2025-10-24T13:16:15","guid":{"rendered":"https:\/\/galeriesalvador.com\/?post_type=product&#038;p=1098"},"modified":"2025-10-24T15:17:45","modified_gmt":"2025-10-24T13:17:45","slug":"isabelle-plante-les-fetards","status":"publish","type":"product","link":"https:\/\/galeriesalvador.com\/fr\/produit\/isabelle-plante-les-fetards\/","title":{"rendered":"Isabelle PLANT\u00c9 &#8211; &#8220;Les F\u00eatards&#8221;"},"content":{"rendered":"","protected":false},"excerpt":{"rendered":"<p>Huile sur Toile<\/p>\n<p>Sign\u00e9 en bas \u00e0 droite (+ sign\u00e9 \/ titr\u00e9 au dos)<br \/>\n39 x 31 cm environ (encadr\u00e9 : 54 x 46 cm environ) \u2013 Oeuvre Unique<\/p>\n<p>Encadr\u00e9<\/p>","protected":false},"featured_media":1099,"template":"","meta":[],"product_brand":[],"product_cat":[154,84,153,70,73,74,46],"product_tag":[],"class_list":{"0":"post-1098","1":"product","2":"type-product","3":"status-publish","4":"has-post-thumbnail","6":"product_cat-plante","7":"product_cat-new-arrivals","8":"product_cat-oneiros","9":"product_cat-artists","10":"product_cat-artworks","11":"product_cat-contemporary-art","12":"product_cat-current-show","14":"first","15":"instock","16":"sold-individually","17":"taxable","18":"shipping-taxable","19":"purchasable","20":"product-type-simple"},"_links":{"self":[{"href":"https:\/\/galeriesalvador.com\/fr\/wp-json\/wp\/v2\/product\/1098","targetHints":{"allow":["GET"]}}],"collection":[{"href":"https:\/\/galeriesalvador.com\/fr\/wp-json\/wp\/v2\/product"}],"about":[{"href":"https:\/\/galeriesalvador.com\/fr\/wp-json\/wp\/v2\/types\/product"}],"wp:featuredmedia":[{"embeddable":true,"href":"https:\/\/galeriesalvador.com\/fr\/wp-json\/wp\/v2\/media\/1099"}],"wp:attachment":[{"href":"https:\/\/galeriesalvador.com\/fr\/wp-json\/wp\/v2\/media?parent=1098"}],"wp:term":[{"taxonomy":"product_brand","embeddable":true,"href":"https:\/\/galeriesalvador.com\/fr\/wp-json\/wp\/v2\/product_brand?post=1098"},{"taxonomy":"product_cat","embeddable":true,"href":"https:\/\/galeriesalvador.com\/fr\/wp-json\/wp\/v2\/product_cat?post=1098"},{"taxonomy":"product_tag","embeddable":true,"href":"https:\/\/galeriesalvador.com\/fr\/wp-json\/wp\/v2\/product_tag?post=1098"}],"curies":[{"name":"wp","href":"https:\/\/api.w.org\/{rel}","templated":true}]}}