{"id":1118,"date":"2026-04-27T16:24:24","date_gmt":"2026-04-27T14:24:24","guid":{"rendered":"https:\/\/galeriesalvador.com\/?post_type=product&#038;p=1118"},"modified":"2026-04-27T16:28:30","modified_gmt":"2026-04-27T14:28:30","slug":"ealvador-dali-manifests-mystique-christ-of-st-john-of-the-cross","status":"publish","type":"product","link":"https:\/\/galeriesalvador.com\/fr\/produit\/ealvador-dali-manifests-mystique-christ-of-st-john-of-the-cross\/","title":{"rendered":"Salvador DALI &#8211; &#8220;Manifests Mystique &#8211; Christ of St John of the Cross&#8221;"},"content":{"rendered":"","protected":false},"excerpt":{"rendered":"<p>Gravure originale sur papier Rives<br \/>\nR\u00e9f\u00e9rences : Field p. 16 (51-1 A) &#8211; Michler-L\u00f6psinger Tome I p. 135 (ref. 62)<br \/>\n38 x 28,5 cm env. (cuvette : 35,5 x 25,5 cm env.)<br \/>\nTirage Limit\u00e9 num\u00e9rot\u00e9 \u201cHC\u201d (Tirage total : 150 + 25 HC)<br \/>\n1951 &#8211; Sign\u00e9 \/ dat\u00e9 1951 main en bas \u00e0 droite par Salvador DALI<\/p>\n<p>Encadr\u00e9<\/p>\n<a href=\"mailto:contact@galeriesalvador.com?subject=Price%20Inquiry%20DALI%20Manifests%20Mystique\" class=\"button primary is-primary is-medium\"  >\n\t\t<span>Tarif sur demande<\/span>\n\t<\/a>","protected":false},"featured_media":1119,"template":"","meta":[],"product_brand":[],"product_cat":[126,84,155,70,73,74,46],"product_tag":[],"class_list":{"0":"post-1118","1":"product","2":"type-product","3":"status-publish","4":"has-post-thumbnail","6":"product_cat-dali","7":"product_cat-new-arrivals","8":"product_cat-dali-current-show","9":"product_cat-artists","10":"product_cat-artworks","11":"product_cat-contemporary-art","12":"product_cat-current-show","14":"first","15":"instock","16":"sold-individually","17":"taxable","18":"shipping-taxable","19":"product-type-simple"},"_links":{"self":[{"href":"https:\/\/galeriesalvador.com\/fr\/wp-json\/wp\/v2\/product\/1118","targetHints":{"allow":["GET"]}}],"collection":[{"href":"https:\/\/galeriesalvador.com\/fr\/wp-json\/wp\/v2\/product"}],"about":[{"href":"https:\/\/galeriesalvador.com\/fr\/wp-json\/wp\/v2\/types\/product"}],"wp:featuredmedia":[{"embeddable":true,"href":"https:\/\/galeriesalvador.com\/fr\/wp-json\/wp\/v2\/media\/1119"}],"wp:attachment":[{"href":"https:\/\/galeriesalvador.com\/fr\/wp-json\/wp\/v2\/media?parent=1118"}],"wp:term":[{"taxonomy":"product_brand","embeddable":true,"href":"https:\/\/galeriesalvador.com\/fr\/wp-json\/wp\/v2\/product_brand?post=1118"},{"taxonomy":"product_cat","embeddable":true,"href":"https:\/\/galeriesalvador.com\/fr\/wp-json\/wp\/v2\/product_cat?post=1118"},{"taxonomy":"product_tag","embeddable":true,"href":"https:\/\/galeriesalvador.com\/fr\/wp-json\/wp\/v2\/product_tag?post=1118"}],"curies":[{"name":"wp","href":"https:\/\/api.w.org\/{rel}","templated":true}]}}