{"id":1121,"date":"2026-04-27T16:28:42","date_gmt":"2026-04-27T14:28:42","guid":{"rendered":"https:\/\/galeriesalvador.com\/?post_type=product&#038;p=1121"},"modified":"2026-04-27T16:35:01","modified_gmt":"2026-04-27T14:35:01","slug":"salvador-dali-merry-xmas-1re-edition","status":"publish","type":"product","link":"https:\/\/galeriesalvador.com\/fr\/produit\/salvador-dali-merry-xmas-1re-edition\/","title":{"rendered":"Salvador DALI &#8211; &#8220;Merry Xmas&#8221; (1re Edition)"},"content":{"rendered":"","protected":false},"excerpt":{"rendered":"<p>Salvador DALI &#8211; \u201cMerry Xmas\u201d<br \/>\nGravure originale sur papier tiss\u00e9 pli\u00e9 en deux<br \/>\nR\u00e9f\u00e9rences : Field p. 28 (67-1 First State) &#8211; Michler-L\u00f6psinger Tome I p. 148 (ref. 145 b)<br \/>\nFeuille : 25 x 35,8 cm env. (cuvette : 12,5 x 10 cm env.)<br \/>\nTirage Limit\u00e9 num\u00e9rot\u00e9 55\/150 (Tirage total 1st : 150 dont la moiti\u00e9 environ furent sign\u00e9es)<br \/>\n1967 &#8211; Sign\u00e9 main en bas par Salvador DALI + tampon d\u2019\u00e9dition en haut \u00e0 gauche<\/p>\n<p>Encadr\u00e9<\/p>\n<a href=\"mailto:contact@galeriesalvador.com?subject=Price%20Inquiry%20DALI%20Merry%20Xmas\" class=\"button primary is-primary is-medium\"  >\n\t\t<span>Tarif sur demande<\/span>\n\t<\/a>","protected":false},"featured_media":1122,"template":"","meta":[],"product_brand":[],"product_cat":[126,84,155,70,73,74,46],"product_tag":[],"class_list":{"0":"post-1121","1":"product","2":"type-product","3":"status-publish","4":"has-post-thumbnail","6":"product_cat-dali","7":"product_cat-new-arrivals","8":"product_cat-dali-current-show","9":"product_cat-artists","10":"product_cat-artworks","11":"product_cat-contemporary-art","12":"product_cat-current-show","14":"first","15":"instock","16":"sold-individually","17":"taxable","18":"shipping-taxable","19":"product-type-simple"},"_links":{"self":[{"href":"https:\/\/galeriesalvador.com\/fr\/wp-json\/wp\/v2\/product\/1121","targetHints":{"allow":["GET"]}}],"collection":[{"href":"https:\/\/galeriesalvador.com\/fr\/wp-json\/wp\/v2\/product"}],"about":[{"href":"https:\/\/galeriesalvador.com\/fr\/wp-json\/wp\/v2\/types\/product"}],"wp:featuredmedia":[{"embeddable":true,"href":"https:\/\/galeriesalvador.com\/fr\/wp-json\/wp\/v2\/media\/1122"}],"wp:attachment":[{"href":"https:\/\/galeriesalvador.com\/fr\/wp-json\/wp\/v2\/media?parent=1121"}],"wp:term":[{"taxonomy":"product_brand","embeddable":true,"href":"https:\/\/galeriesalvador.com\/fr\/wp-json\/wp\/v2\/product_brand?post=1121"},{"taxonomy":"product_cat","embeddable":true,"href":"https:\/\/galeriesalvador.com\/fr\/wp-json\/wp\/v2\/product_cat?post=1121"},{"taxonomy":"product_tag","embeddable":true,"href":"https:\/\/galeriesalvador.com\/fr\/wp-json\/wp\/v2\/product_tag?post=1121"}],"curies":[{"name":"wp","href":"https:\/\/api.w.org\/{rel}","templated":true}]}}