{"id":1123,"date":"2026-04-27T16:31:24","date_gmt":"2026-04-27T14:31:24","guid":{"rendered":"https:\/\/galeriesalvador.com\/?post_type=product&#038;p=1123"},"modified":"2026-04-27T16:34:25","modified_gmt":"2026-04-27T14:34:25","slug":"salvador-dali-la-femme-dans-le-cosmos-dominant-le-monde","status":"publish","type":"product","link":"https:\/\/galeriesalvador.com\/fr\/produit\/salvador-dali-la-femme-dans-le-cosmos-dominant-le-monde\/","title":{"rendered":"Salvador DALI &#8211; &#8220;La Femme dans le Cosmos dominant le Monde&#8221;"},"content":{"rendered":"","protected":false},"excerpt":{"rendered":"<p>Lithographie originale (pierre &#8211; Mourlot) sur papier Japon nacr\u00e9<br \/>\nR\u00e9f\u00e9rences : Field p. 126 (57-3) &#8211; Michler-L\u00f6psinger Tome II p. 98 (ref. 1016)<br \/>\n50 x 38 cm env. (cuvette : 43,5 x 28 cm env.)<br \/>\nTirage d\u2019essai (couleurs diverses) limit\u00e9 \u201cHC\u201d sur 15 (Tirage total : 190)<br \/>\n1957 &#8211; Sign\u00e9 main en bas \u00e0 droite par Salvador DALI<\/p>\n<p>Encadr\u00e9 &#8220;entre 2 verres&#8221;<\/p>\n<a href=\"mailto:contact@galeriesalvador.com?subject=Price%20Inquiry%20DALI%20Femme%20Cosmos\" class=\"button primary is-primary is-medium\"  >\n\t\t<span>Tarif sur demande<\/span>\n\t<\/a>","protected":false},"featured_media":1125,"template":"","meta":[],"product_brand":[],"product_cat":[126,84,155,70,73,74,46],"product_tag":[],"class_list":{"0":"post-1123","1":"product","2":"type-product","3":"status-publish","4":"has-post-thumbnail","6":"product_cat-dali","7":"product_cat-new-arrivals","8":"product_cat-dali-current-show","9":"product_cat-artists","10":"product_cat-artworks","11":"product_cat-contemporary-art","12":"product_cat-current-show","14":"first","15":"instock","16":"sold-individually","17":"taxable","18":"shipping-taxable","19":"product-type-simple"},"_links":{"self":[{"href":"https:\/\/galeriesalvador.com\/fr\/wp-json\/wp\/v2\/product\/1123","targetHints":{"allow":["GET"]}}],"collection":[{"href":"https:\/\/galeriesalvador.com\/fr\/wp-json\/wp\/v2\/product"}],"about":[{"href":"https:\/\/galeriesalvador.com\/fr\/wp-json\/wp\/v2\/types\/product"}],"wp:featuredmedia":[{"embeddable":true,"href":"https:\/\/galeriesalvador.com\/fr\/wp-json\/wp\/v2\/media\/1125"}],"wp:attachment":[{"href":"https:\/\/galeriesalvador.com\/fr\/wp-json\/wp\/v2\/media?parent=1123"}],"wp:term":[{"taxonomy":"product_brand","embeddable":true,"href":"https:\/\/galeriesalvador.com\/fr\/wp-json\/wp\/v2\/product_brand?post=1123"},{"taxonomy":"product_cat","embeddable":true,"href":"https:\/\/galeriesalvador.com\/fr\/wp-json\/wp\/v2\/product_cat?post=1123"},{"taxonomy":"product_tag","embeddable":true,"href":"https:\/\/galeriesalvador.com\/fr\/wp-json\/wp\/v2\/product_tag?post=1123"}],"curies":[{"name":"wp","href":"https:\/\/api.w.org\/{rel}","templated":true}]}}