{"id":1126,"date":"2026-04-27T16:35:24","date_gmt":"2026-04-27T14:35:24","guid":{"rendered":"https:\/\/galeriesalvador.com\/?post_type=product&#038;p=1126"},"modified":"2026-04-27T16:45:48","modified_gmt":"2026-04-27T14:45:48","slug":"salvador-dali-les-rois-mages-isis-soutenant-osiris-mutile-pieta","status":"publish","type":"product","link":"https:\/\/galeriesalvador.com\/fr\/produit\/salvador-dali-les-rois-mages-isis-soutenant-osiris-mutile-pieta\/","title":{"rendered":"Salvador DALI &#8211; &#8220;Les Rois Mages &#8211; Isis soutenant Osiris mutil\u00e9 (Pieta)&#8221;"},"content":{"rendered":"","protected":false},"excerpt":{"rendered":"<p>Salvador DALI &#8211; \u201cLes Rois Mages &#8211; Isis soutenant Osiris mutil\u00e9 (Pieta)\u201d<br \/>\nGravure originale sur papier d\u2019Arches<br \/>\nR\u00e9f\u00e9rences : Field p. 22 (60-4 B) &#8211; Michler-L\u00f6psinger Tome I p. 138 (ref. 81)<br \/>\n54 x 43 cm env. (cuvette : 35 x 24 cm env.)<br \/>\nTirage limit\u00e9 &#8211; \u201cEpreuve d\u2019exposition\u201d (Tirage total : 180 + livres + proofs)<br \/>\n1960 &#8211; Sign\u00e9 \/ dat\u00e9 1961 main en bas \u00e0 droite par Salvador DALI<\/p>\n<p><em>Photo non contractuelle &#8211; Informations compl\u00e9mentaires sur demande<\/em><\/p>\n<p>Encadr\u00e9<\/p>\n<a href=\"mailto:contact@galeriesalvador.com?subject=Price%20Inquiry%20DALI%20Rois%20Mages%20Pieta\" class=\"button primary is-primary is-medium\"  >\n\t\t<span>Tarif sur demande<\/span>\n\t<\/a>","protected":false},"featured_media":1127,"template":"","meta":[],"product_brand":[],"product_cat":[126,84,155,70,73,74,46],"product_tag":[],"class_list":{"0":"post-1126","1":"product","2":"type-product","3":"status-publish","4":"has-post-thumbnail","6":"product_cat-dali","7":"product_cat-new-arrivals","8":"product_cat-dali-current-show","9":"product_cat-artists","10":"product_cat-artworks","11":"product_cat-contemporary-art","12":"product_cat-current-show","14":"first","15":"instock","16":"sold-individually","17":"taxable","18":"shipping-taxable","19":"product-type-simple"},"_links":{"self":[{"href":"https:\/\/galeriesalvador.com\/fr\/wp-json\/wp\/v2\/product\/1126","targetHints":{"allow":["GET"]}}],"collection":[{"href":"https:\/\/galeriesalvador.com\/fr\/wp-json\/wp\/v2\/product"}],"about":[{"href":"https:\/\/galeriesalvador.com\/fr\/wp-json\/wp\/v2\/types\/product"}],"wp:featuredmedia":[{"embeddable":true,"href":"https:\/\/galeriesalvador.com\/fr\/wp-json\/wp\/v2\/media\/1127"}],"wp:attachment":[{"href":"https:\/\/galeriesalvador.com\/fr\/wp-json\/wp\/v2\/media?parent=1126"}],"wp:term":[{"taxonomy":"product_brand","embeddable":true,"href":"https:\/\/galeriesalvador.com\/fr\/wp-json\/wp\/v2\/product_brand?post=1126"},{"taxonomy":"product_cat","embeddable":true,"href":"https:\/\/galeriesalvador.com\/fr\/wp-json\/wp\/v2\/product_cat?post=1126"},{"taxonomy":"product_tag","embeddable":true,"href":"https:\/\/galeriesalvador.com\/fr\/wp-json\/wp\/v2\/product_tag?post=1126"}],"curies":[{"name":"wp","href":"https:\/\/api.w.org\/{rel}","templated":true}]}}