{"id":1128,"date":"2026-04-27T16:38:28","date_gmt":"2026-04-27T14:38:28","guid":{"rendered":"https:\/\/galeriesalvador.com\/?post_type=product&#038;p=1128"},"modified":"2026-04-27T16:45:01","modified_gmt":"2026-04-27T14:45:01","slug":"salvador-dali-currier-yves-american-trotting-horses-2","status":"publish","type":"product","link":"https:\/\/galeriesalvador.com\/fr\/produit\/salvador-dali-currier-yves-american-trotting-horses-2\/","title":{"rendered":"Salvador DALI &#8211; &#8220;Currier &#038; Yves &#8211; American Trotting Horses #2&#8221;"},"content":{"rendered":"","protected":false},"excerpt":{"rendered":"<p>Lithographie originale et collage sur Arches \/ Rives<br \/>\nR\u00e9f\u00e9rences : Field p. 164 (71-5 B) &#8211; Michler-L\u00f6psinger Tome II p. 144 (ref. 1546)<br \/>\n54,5 x 76 cm env.<br \/>\nTirage Limit\u00e9 num\u00e9rot\u00e9 34\/250 (Tirage total : 250 + 50)<br \/>\n1971 &#8211; Sign\u00e9 main en bas \u00e0 droite par Salvador DALI<\/p>\n<p><em>Photo non contractuelle &#8211; Informations compl\u00e9mentaires sur demande<\/em><\/p>\n<p>Encadr\u00e9<\/p>\n<a href=\"mailto:contact@galeriesalvador.com?subject=Price%20Inquiry%20DALI%20American%20Horses2\" class=\"button primary is-primary is-medium\"  >\n\t\t<span>Tarif sur demande<\/span>\n\t<\/a>","protected":false},"featured_media":1129,"template":"","meta":[],"product_brand":[],"product_cat":[126,84,155,70,73,74,46],"product_tag":[],"class_list":{"0":"post-1128","1":"product","2":"type-product","3":"status-publish","4":"has-post-thumbnail","6":"product_cat-dali","7":"product_cat-new-arrivals","8":"product_cat-dali-current-show","9":"product_cat-artists","10":"product_cat-artworks","11":"product_cat-contemporary-art","12":"product_cat-current-show","14":"first","15":"instock","16":"sold-individually","17":"taxable","18":"shipping-taxable","19":"product-type-simple"},"_links":{"self":[{"href":"https:\/\/galeriesalvador.com\/fr\/wp-json\/wp\/v2\/product\/1128","targetHints":{"allow":["GET"]}}],"collection":[{"href":"https:\/\/galeriesalvador.com\/fr\/wp-json\/wp\/v2\/product"}],"about":[{"href":"https:\/\/galeriesalvador.com\/fr\/wp-json\/wp\/v2\/types\/product"}],"wp:featuredmedia":[{"embeddable":true,"href":"https:\/\/galeriesalvador.com\/fr\/wp-json\/wp\/v2\/media\/1129"}],"wp:attachment":[{"href":"https:\/\/galeriesalvador.com\/fr\/wp-json\/wp\/v2\/media?parent=1128"}],"wp:term":[{"taxonomy":"product_brand","embeddable":true,"href":"https:\/\/galeriesalvador.com\/fr\/wp-json\/wp\/v2\/product_brand?post=1128"},{"taxonomy":"product_cat","embeddable":true,"href":"https:\/\/galeriesalvador.com\/fr\/wp-json\/wp\/v2\/product_cat?post=1128"},{"taxonomy":"product_tag","embeddable":true,"href":"https:\/\/galeriesalvador.com\/fr\/wp-json\/wp\/v2\/product_tag?post=1128"}],"curies":[{"name":"wp","href":"https:\/\/api.w.org\/{rel}","templated":true}]}}