{"id":1132,"date":"2026-04-27T16:50:06","date_gmt":"2026-04-27T14:50:06","guid":{"rendered":"https:\/\/galeriesalvador.com\/?post_type=product&#038;p=1132"},"modified":"2026-04-27T16:52:48","modified_gmt":"2026-04-27T14:52:48","slug":"salvador-dali-les-vitraux-in-four-sheets-puzzle-of-life-idre-a-3-tetes","status":"publish","type":"product","link":"https:\/\/galeriesalvador.com\/fr\/produit\/salvador-dali-les-vitraux-in-four-sheets-puzzle-of-life-idre-a-3-tetes\/","title":{"rendered":"Salvador DALI &#8211; &#8220;Les Vitraux (in four sheets) &#8211; Puzzle of Life (Idre \u00e0 3 t\u00eates)&#8221;"},"content":{"rendered":"","protected":false},"excerpt":{"rendered":"<p>Polyptique (4 oeuvres) &#8211; Lithographie et pochoir sur v\u00e9lin<br \/>\nR\u00e9f\u00e9rences : Field p. 176 (74-10 R) &#8211; Michler-L\u00f6psinger Tome II p. 162 (ref. 1463-1466)<br \/>\n126 x 135 cm env. sur 4 feuilles (2 x : 90 x 63 env. &#8211; 2 x : 45 x 63 env.)<br \/>\nTirage limit\u00e9 \u201cEA\u201d (Tirage total : 300 + 300)<br \/>\n1974 &#8211; Sign\u00e9 main en bas par Salvador DALI (sur 2 feuilles)<\/p>\n<p>Encadr\u00e9<\/p>\n<a href=\"mailto:contact@galeriesalvador.com?subject=Price%20Inquiry%20DALI%20Vitraux%204\" class=\"button primary is-primary is-medium\"  >\n\t\t<span>Tarif sur demande<\/span>\n\t<\/a>","protected":false},"featured_media":1133,"template":"","meta":[],"product_brand":[],"product_cat":[126,84,155,70,73,74,46],"product_tag":[],"class_list":{"0":"post-1132","1":"product","2":"type-product","3":"status-publish","4":"has-post-thumbnail","6":"product_cat-dali","7":"product_cat-new-arrivals","8":"product_cat-dali-current-show","9":"product_cat-artists","10":"product_cat-artworks","11":"product_cat-contemporary-art","12":"product_cat-current-show","14":"first","15":"instock","16":"sold-individually","17":"taxable","18":"shipping-taxable","19":"product-type-simple"},"_links":{"self":[{"href":"https:\/\/galeriesalvador.com\/fr\/wp-json\/wp\/v2\/product\/1132","targetHints":{"allow":["GET"]}}],"collection":[{"href":"https:\/\/galeriesalvador.com\/fr\/wp-json\/wp\/v2\/product"}],"about":[{"href":"https:\/\/galeriesalvador.com\/fr\/wp-json\/wp\/v2\/types\/product"}],"wp:featuredmedia":[{"embeddable":true,"href":"https:\/\/galeriesalvador.com\/fr\/wp-json\/wp\/v2\/media\/1133"}],"wp:attachment":[{"href":"https:\/\/galeriesalvador.com\/fr\/wp-json\/wp\/v2\/media?parent=1132"}],"wp:term":[{"taxonomy":"product_brand","embeddable":true,"href":"https:\/\/galeriesalvador.com\/fr\/wp-json\/wp\/v2\/product_brand?post=1132"},{"taxonomy":"product_cat","embeddable":true,"href":"https:\/\/galeriesalvador.com\/fr\/wp-json\/wp\/v2\/product_cat?post=1132"},{"taxonomy":"product_tag","embeddable":true,"href":"https:\/\/galeriesalvador.com\/fr\/wp-json\/wp\/v2\/product_tag?post=1132"}],"curies":[{"name":"wp","href":"https:\/\/api.w.org\/{rel}","templated":true}]}}