{"id":1136,"date":"2026-04-27T16:57:41","date_gmt":"2026-04-27T14:57:41","guid":{"rendered":"https:\/\/galeriesalvador.com\/?post_type=product&#038;p=1136"},"modified":"2026-04-27T17:04:43","modified_gmt":"2026-04-27T15:04:43","slug":"salvador-dali-la-jungle-humaine-lelephant-aux-pattes-de-cigogne","status":"publish","type":"product","link":"https:\/\/galeriesalvador.com\/fr\/produit\/salvador-dali-la-jungle-humaine-lelephant-aux-pattes-de-cigogne\/","title":{"rendered":"Salvador DALI &#8211; &#8220;La Jungle Humaine &#8211; L\u2019\u00e9l\u00e9phant aux pattes de cigogne&#8221;"},"content":{"rendered":"","protected":false},"excerpt":{"rendered":"<p>Lithographie originale sur papier d\u2019Arches<br \/>\nR\u00e9f\u00e9rences : Field p. 179 (76-2 F) &#8211; Michler-L\u00f6psinger Tome II p. 158 (ref. 1450)<br \/>\n48 x 65 cm env.<br \/>\nTirage limit\u00e9 \u201cEA\u201d (Tirage total : 630)<br \/>\n1976 &#8211; Sign\u00e9 main en bas \u00e0 droite par Salvador DALI<\/p>\n<p>Encadr\u00e9<\/p>\n<a href=\"mailto:contact@galeriesalvador.com?subject=Price%20Inquiry%20DALI%20Elephant%20Cigogne\" class=\"button primary is-primary is-medium\"  >\n\t\t<span>Tarif sur demande<\/span>\n\t<\/a>","protected":false},"featured_media":1137,"template":"","meta":[],"product_brand":[],"product_cat":[126,84,155,70,73,74,46],"product_tag":[],"class_list":{"0":"post-1136","1":"product","2":"type-product","3":"status-publish","4":"has-post-thumbnail","6":"product_cat-dali","7":"product_cat-new-arrivals","8":"product_cat-dali-current-show","9":"product_cat-artists","10":"product_cat-artworks","11":"product_cat-contemporary-art","12":"product_cat-current-show","14":"first","15":"instock","16":"sold-individually","17":"taxable","18":"shipping-taxable","19":"product-type-simple"},"_links":{"self":[{"href":"https:\/\/galeriesalvador.com\/fr\/wp-json\/wp\/v2\/product\/1136","targetHints":{"allow":["GET"]}}],"collection":[{"href":"https:\/\/galeriesalvador.com\/fr\/wp-json\/wp\/v2\/product"}],"about":[{"href":"https:\/\/galeriesalvador.com\/fr\/wp-json\/wp\/v2\/types\/product"}],"wp:featuredmedia":[{"embeddable":true,"href":"https:\/\/galeriesalvador.com\/fr\/wp-json\/wp\/v2\/media\/1137"}],"wp:attachment":[{"href":"https:\/\/galeriesalvador.com\/fr\/wp-json\/wp\/v2\/media?parent=1136"}],"wp:term":[{"taxonomy":"product_brand","embeddable":true,"href":"https:\/\/galeriesalvador.com\/fr\/wp-json\/wp\/v2\/product_brand?post=1136"},{"taxonomy":"product_cat","embeddable":true,"href":"https:\/\/galeriesalvador.com\/fr\/wp-json\/wp\/v2\/product_cat?post=1136"},{"taxonomy":"product_tag","embeddable":true,"href":"https:\/\/galeriesalvador.com\/fr\/wp-json\/wp\/v2\/product_tag?post=1136"}],"curies":[{"name":"wp","href":"https:\/\/api.w.org\/{rel}","templated":true}]}}