{"id":340,"date":"2023-01-23T21:59:36","date_gmt":"2023-01-23T20:59:36","guid":{"rendered":"https:\/\/galeriesalvador.com\/?post_type=product&#038;p=340"},"modified":"2024-06-18T13:17:45","modified_gmt":"2024-06-18T11:17:45","slug":"ronnie-cutrone-identity-crisis-bugs-bunny","status":"publish","type":"product","link":"https:\/\/galeriesalvador.com\/fr\/produit\/ronnie-cutrone-identity-crisis-bugs-bunny\/","title":{"rendered":"Ronnie CUTRONE &#8211; \u201cIdentity Crisis &#8211; Bugs Bunny\u201d"},"content":{"rendered":"","protected":false},"excerpt":{"rendered":"<p>S\u00e9rigraphie en couleurs et relief sur papier fort (contrecoll\u00e9 sur dibond)<\/p>\n<p>102 x 76 cm &#8211; Tirage limit\u00e9 \u00e0 150 exemplaires num\u00e9rot\u00e9s<\/p>\n<p>1989 &#8211; Sign\u00e9 \/ num\u00e9rot\u00e9 en bas (\/150)<\/p>\n<p>Encadr\u00e9 verre mus\u00e9e anti-uv \/ anti reflet<\/p>","protected":false},"featured_media":341,"template":"","meta":[],"product_brand":[],"product_cat":[121,70,71,73,74,75,80,72],"product_tag":[],"class_list":{"0":"post-340","1":"product","2":"type-product","3":"status-publish","4":"has-post-thumbnail","6":"product_cat-cats-co","7":"product_cat-artists","8":"product_cat-ronnie-cutrone","9":"product_cat-artworks","10":"product_cat-contemporary-art","11":"product_cat-graffiti","12":"product_cat-pop-art","13":"product_cat-past-shows","15":"first","16":"instock","17":"sold-individually","18":"taxable","19":"shipping-taxable","20":"purchasable","21":"product-type-simple"},"_links":{"self":[{"href":"https:\/\/galeriesalvador.com\/fr\/wp-json\/wp\/v2\/product\/340","targetHints":{"allow":["GET"]}}],"collection":[{"href":"https:\/\/galeriesalvador.com\/fr\/wp-json\/wp\/v2\/product"}],"about":[{"href":"https:\/\/galeriesalvador.com\/fr\/wp-json\/wp\/v2\/types\/product"}],"wp:featuredmedia":[{"embeddable":true,"href":"https:\/\/galeriesalvador.com\/fr\/wp-json\/wp\/v2\/media\/341"}],"wp:attachment":[{"href":"https:\/\/galeriesalvador.com\/fr\/wp-json\/wp\/v2\/media?parent=340"}],"wp:term":[{"taxonomy":"product_brand","embeddable":true,"href":"https:\/\/galeriesalvador.com\/fr\/wp-json\/wp\/v2\/product_brand?post=340"},{"taxonomy":"product_cat","embeddable":true,"href":"https:\/\/galeriesalvador.com\/fr\/wp-json\/wp\/v2\/product_cat?post=340"},{"taxonomy":"product_tag","embeddable":true,"href":"https:\/\/galeriesalvador.com\/fr\/wp-json\/wp\/v2\/product_tag?post=340"}],"curies":[{"name":"wp","href":"https:\/\/api.w.org\/{rel}","templated":true}]}}