{"id":472,"date":"2023-06-20T15:12:05","date_gmt":"2023-06-20T13:12:05","guid":{"rendered":"https:\/\/galeriesalvador.com\/?post_type=product&#038;p=472"},"modified":"2023-11-03T12:13:13","modified_gmt":"2023-11-03T11:13:13","slug":"dondi-white-dapres-bmt-deck","status":"publish","type":"product","link":"https:\/\/galeriesalvador.com\/fr\/produit\/dondi-white-dapres-bmt-deck\/","title":{"rendered":"DONDI WHITE (d&#8217;apr\u00e8s) &#8211; &#8220;BMT Deck&#8221;"},"content":{"rendered":"","protected":false},"excerpt":{"rendered":"<p>Impression sur v\u00e9ritable planche de Skateboard (bois)<br \/>\n81 x 21 cm &#8211; Tirage limit\u00e9 num\u00e9rot\u00e9 \/50 (dos)<br \/>\n2019 &#8211; Edition 1XRUN<br \/>\nNeuf sous sleeve plastique d\u2019origine<\/p>","protected":false},"featured_media":473,"template":"","meta":[],"product_brand":[],"product_cat":[93,88,70,73,74,75,77,72],"product_tag":[],"class_list":{"0":"post-472","1":"product","2":"type-product","3":"status-publish","4":"has-post-thumbnail","6":"product_cat-deckart","7":"product_cat-dondi-white","8":"product_cat-artists","9":"product_cat-artworks","10":"product_cat-contemporary-art","11":"product_cat-graffiti","12":"product_cat-urban","13":"product_cat-past-shows","15":"first","16":"instock","17":"sold-individually","18":"taxable","19":"shipping-taxable","20":"purchasable","21":"product-type-simple"},"_links":{"self":[{"href":"https:\/\/galeriesalvador.com\/fr\/wp-json\/wp\/v2\/product\/472","targetHints":{"allow":["GET"]}}],"collection":[{"href":"https:\/\/galeriesalvador.com\/fr\/wp-json\/wp\/v2\/product"}],"about":[{"href":"https:\/\/galeriesalvador.com\/fr\/wp-json\/wp\/v2\/types\/product"}],"wp:featuredmedia":[{"embeddable":true,"href":"https:\/\/galeriesalvador.com\/fr\/wp-json\/wp\/v2\/media\/473"}],"wp:attachment":[{"href":"https:\/\/galeriesalvador.com\/fr\/wp-json\/wp\/v2\/media?parent=472"}],"wp:term":[{"taxonomy":"product_brand","embeddable":true,"href":"https:\/\/galeriesalvador.com\/fr\/wp-json\/wp\/v2\/product_brand?post=472"},{"taxonomy":"product_cat","embeddable":true,"href":"https:\/\/galeriesalvador.com\/fr\/wp-json\/wp\/v2\/product_cat?post=472"},{"taxonomy":"product_tag","embeddable":true,"href":"https:\/\/galeriesalvador.com\/fr\/wp-json\/wp\/v2\/product_tag?post=472"}],"curies":[{"name":"wp","href":"https:\/\/api.w.org\/{rel}","templated":true}]}}