{"id":484,"date":"2023-06-20T15:30:36","date_gmt":"2023-06-20T13:30:36","guid":{"rendered":"https:\/\/galeriesalvador.com\/?post_type=product&#038;p=484"},"modified":"2023-11-03T12:11:13","modified_gmt":"2023-11-03T11:11:13","slug":"sonic-bad-sonic-nyc-subway-snowdeck","status":"publish","type":"product","link":"https:\/\/galeriesalvador.com\/fr\/produit\/sonic-bad-sonic-nyc-subway-snowdeck\/","title":{"rendered":"SONIC BAD &#8211; \u201cSONIC NYC Subway Snowdeck\u201d"},"content":{"rendered":"","protected":false},"excerpt":{"rendered":"<p>Technique mixte sur v\u00e9ritable planche de Snowboard de marque DYNASTAR (fond : plan de m\u00e9tro NYC contrecoll\u00e9)<br \/>\n143 x 29 cm environ &#8211; Oeuvre unique<br \/>\n2019 &#8211; Sign\u00e9 dans l\u2019oeuvre (dos : inscription \u201cDYNASTAR\u201d)<\/p>","protected":false},"featured_media":485,"template":"","meta":[],"product_brand":[],"product_cat":[93,97,70,73,74,75,77,72],"product_tag":[],"class_list":{"0":"post-484","1":"product","2":"type-product","3":"status-publish","4":"has-post-thumbnail","6":"product_cat-deckart","7":"product_cat-sonic-bad","8":"product_cat-artists","9":"product_cat-artworks","10":"product_cat-contemporary-art","11":"product_cat-graffiti","12":"product_cat-urban","13":"product_cat-past-shows","15":"first","16":"instock","17":"sold-individually","18":"taxable","19":"shipping-taxable","20":"purchasable","21":"product-type-simple"},"_links":{"self":[{"href":"https:\/\/galeriesalvador.com\/fr\/wp-json\/wp\/v2\/product\/484","targetHints":{"allow":["GET"]}}],"collection":[{"href":"https:\/\/galeriesalvador.com\/fr\/wp-json\/wp\/v2\/product"}],"about":[{"href":"https:\/\/galeriesalvador.com\/fr\/wp-json\/wp\/v2\/types\/product"}],"wp:featuredmedia":[{"embeddable":true,"href":"https:\/\/galeriesalvador.com\/fr\/wp-json\/wp\/v2\/media\/485"}],"wp:attachment":[{"href":"https:\/\/galeriesalvador.com\/fr\/wp-json\/wp\/v2\/media?parent=484"}],"wp:term":[{"taxonomy":"product_brand","embeddable":true,"href":"https:\/\/galeriesalvador.com\/fr\/wp-json\/wp\/v2\/product_brand?post=484"},{"taxonomy":"product_cat","embeddable":true,"href":"https:\/\/galeriesalvador.com\/fr\/wp-json\/wp\/v2\/product_cat?post=484"},{"taxonomy":"product_tag","embeddable":true,"href":"https:\/\/galeriesalvador.com\/fr\/wp-json\/wp\/v2\/product_tag?post=484"}],"curies":[{"name":"wp","href":"https:\/\/api.w.org\/{rel}","templated":true}]}}