{"id":521,"date":"2023-06-21T15:17:50","date_gmt":"2023-06-21T13:17:50","guid":{"rendered":"https:\/\/galeriesalvador.com\/?post_type=product&#038;p=521"},"modified":"2025-10-24T14:14:57","modified_gmt":"2025-10-24T12:14:57","slug":"shepard-fairey-nixon-money-1st-edition-2003","status":"publish","type":"product","link":"https:\/\/galeriesalvador.com\/fr\/produit\/shepard-fairey-nixon-money-1st-edition-2003\/","title":{"rendered":"Shepard FAIREY &#8211; &#8220;Nixon Money&#8221; 1st Edition 2003"},"content":{"rendered":"","protected":false},"excerpt":{"rendered":"<p>S\u00e9rigraphie sur papier \u201cSpeckle Tone Cream\u201d<\/p>\n<p>(Release 31 Dec. 2003 &#8211; Issue du Triptyque &#8220;The Dictators&#8221; LENIN \/ MAO \/ NIXON)<\/p>\n<p>18 x 24 in. (45,7 x 61 cm)<br \/>\nSign\u00e9 \/ Dat\u00e9 2003 main par Shepard FAIREY &#8211; Num\u00e9rot\u00e9 &#8220;AP&#8221; (Tirage \/350)<\/p>\n<p><em>Rare 1re Edition de cette s\u00e9rigraphie en &#8220;AP&#8221;\u00a0<\/em><\/p>\n<p>Encadr\u00e9 aluminium (contrecollage &#8220;waterglued&#8221;)<\/p>","protected":false},"featured_media":522,"template":"","meta":[],"product_brand":[],"product_cat":[83,151,70,73,74,75,77,72],"product_tag":[],"class_list":{"0":"post-521","1":"product","2":"type-product","3":"status-publish","4":"has-post-thumbnail","6":"product_cat-obey","7":"product_cat-obey-2025","8":"product_cat-artists","9":"product_cat-artworks","10":"product_cat-contemporary-art","11":"product_cat-graffiti","12":"product_cat-urban","13":"product_cat-past-shows","15":"first","16":"instock","17":"sold-individually","18":"taxable","19":"shipping-taxable","20":"purchasable","21":"product-type-simple"},"_links":{"self":[{"href":"https:\/\/galeriesalvador.com\/fr\/wp-json\/wp\/v2\/product\/521","targetHints":{"allow":["GET"]}}],"collection":[{"href":"https:\/\/galeriesalvador.com\/fr\/wp-json\/wp\/v2\/product"}],"about":[{"href":"https:\/\/galeriesalvador.com\/fr\/wp-json\/wp\/v2\/types\/product"}],"wp:featuredmedia":[{"embeddable":true,"href":"https:\/\/galeriesalvador.com\/fr\/wp-json\/wp\/v2\/media\/522"}],"wp:attachment":[{"href":"https:\/\/galeriesalvador.com\/fr\/wp-json\/wp\/v2\/media?parent=521"}],"wp:term":[{"taxonomy":"product_brand","embeddable":true,"href":"https:\/\/galeriesalvador.com\/fr\/wp-json\/wp\/v2\/product_brand?post=521"},{"taxonomy":"product_cat","embeddable":true,"href":"https:\/\/galeriesalvador.com\/fr\/wp-json\/wp\/v2\/product_cat?post=521"},{"taxonomy":"product_tag","embeddable":true,"href":"https:\/\/galeriesalvador.com\/fr\/wp-json\/wp\/v2\/product_tag?post=521"}],"curies":[{"name":"wp","href":"https:\/\/api.w.org\/{rel}","templated":true}]}}