{"id":534,"date":"2023-06-21T15:55:52","date_gmt":"2023-06-21T13:55:52","guid":{"rendered":"https:\/\/galeriesalvador.com\/?post_type=product&#038;p=534"},"modified":"2023-11-03T11:57:53","modified_gmt":"2023-11-03T10:57:53","slug":"franc-palaia-two-cars-1982-richard-hambleton-nightlife-serie","status":"publish","type":"product","link":"https:\/\/galeriesalvador.com\/fr\/produit\/franc-palaia-two-cars-1982-richard-hambleton-nightlife-serie\/","title":{"rendered":"Franc PALAIA &#8211; &#8220;Two Cars&#8221; 1982 (Richard HAMBLETON Nightlife Serie)"},"content":{"rendered":"","protected":false},"excerpt":{"rendered":"<p>Photographie Argentique Couleur Originale issue de la s\u00e9rie des &#8220;Shadowmen&#8221; r\u00e9alis\u00e9s par Richard HAMBLETON \u00e0 New York City au d\u00e9but des ann\u00e9es 1980.<\/p>\n<p>Papier photo &#8220;Argentic Glossy KODAK&#8221;<\/p>\n<p>30 x 20 cm<\/p>\n<p>Tr\u00e8s rare tirage original couleur de 1982 &#8211; Sign\u00e9 \/ Dat\u00e9 main par Franc PALAIA + \u201cKodak 1982\u201d marquage rouge fabricant origine <em>Factory Stamp<\/em> (dos).<\/p>\n<p>Photos compl\u00e9mentaires sur demande.<\/p>\n<p>Livr\u00e9 &#8220;\u00e0 plat&#8221; non encadr\u00e9 (par s\u00e9curit\u00e9).<\/p>","protected":false},"featured_media":535,"template":"","meta":[],"product_brand":[],"product_cat":[102,100,101,70,73,74,75,77,72],"product_tag":[],"class_list":{"0":"post-534","1":"product","2":"type-product","3":"status-publish","4":"has-post-thumbnail","6":"product_cat-hambleton","7":"product_cat-nightlife","8":"product_cat-palaia-franc","9":"product_cat-artists","10":"product_cat-artworks","11":"product_cat-contemporary-art","12":"product_cat-graffiti","13":"product_cat-urban","14":"product_cat-past-shows","16":"first","17":"instock","18":"sold-individually","19":"taxable","20":"shipping-taxable","21":"purchasable","22":"product-type-simple"},"_links":{"self":[{"href":"https:\/\/galeriesalvador.com\/fr\/wp-json\/wp\/v2\/product\/534","targetHints":{"allow":["GET"]}}],"collection":[{"href":"https:\/\/galeriesalvador.com\/fr\/wp-json\/wp\/v2\/product"}],"about":[{"href":"https:\/\/galeriesalvador.com\/fr\/wp-json\/wp\/v2\/types\/product"}],"wp:featuredmedia":[{"embeddable":true,"href":"https:\/\/galeriesalvador.com\/fr\/wp-json\/wp\/v2\/media\/535"}],"wp:attachment":[{"href":"https:\/\/galeriesalvador.com\/fr\/wp-json\/wp\/v2\/media?parent=534"}],"wp:term":[{"taxonomy":"product_brand","embeddable":true,"href":"https:\/\/galeriesalvador.com\/fr\/wp-json\/wp\/v2\/product_brand?post=534"},{"taxonomy":"product_cat","embeddable":true,"href":"https:\/\/galeriesalvador.com\/fr\/wp-json\/wp\/v2\/product_cat?post=534"},{"taxonomy":"product_tag","embeddable":true,"href":"https:\/\/galeriesalvador.com\/fr\/wp-json\/wp\/v2\/product_tag?post=534"}],"curies":[{"name":"wp","href":"https:\/\/api.w.org\/{rel}","templated":true}]}}