{"id":547,"date":"2023-06-22T11:27:59","date_gmt":"2023-06-22T09:27:59","guid":{"rendered":"https:\/\/galeriesalvador.com\/?post_type=product&#038;p=547"},"modified":"2025-10-24T14:12:35","modified_gmt":"2025-10-24T12:12:35","slug":"shepard-fairey-obey-airlines-bomber-division-deck-2003","status":"publish","type":"product","link":"https:\/\/galeriesalvador.com\/fr\/produit\/shepard-fairey-obey-airlines-bomber-division-deck-2003\/","title":{"rendered":"Shepard FAIREY &#8211; &#8220;Obey Airlines &#8211; Bomber Division Deck&#8221; 2003"},"content":{"rendered":"","protected":false},"excerpt":{"rendered":"<p>Impression sur v\u00e9ritable planche de Skateboard (bois)<br \/>\n80 x 20 cm environ &#8211; Tirage limit\u00e9<br \/>\n2003 (1re Edition) &#8211; Sign\u00e9 \/ dat\u00e9 main par Shepard Fairey (bas)<\/p>\n<p>Seules quelques planches furent sign\u00e9es par l\u2019Artiste.<\/p>\n<p>Tr\u00e8s bon \u00e9tat g\u00e9n\u00e9ral (quelques rayures) &#8211; Photos compl\u00e9mentaires sur demande.<\/p>","protected":false},"featured_media":548,"template":"","meta":[],"product_brand":[],"product_cat":[93,83,151,70,73,74,75,77,72],"product_tag":[],"class_list":{"0":"post-547","1":"product","2":"type-product","3":"status-publish","4":"has-post-thumbnail","6":"product_cat-deckart","7":"product_cat-obey","8":"product_cat-obey-2025","9":"product_cat-artists","10":"product_cat-artworks","11":"product_cat-contemporary-art","12":"product_cat-graffiti","13":"product_cat-urban","14":"product_cat-past-shows","16":"first","17":"instock","18":"sold-individually","19":"taxable","20":"shipping-taxable","21":"purchasable","22":"product-type-simple"},"_links":{"self":[{"href":"https:\/\/galeriesalvador.com\/fr\/wp-json\/wp\/v2\/product\/547","targetHints":{"allow":["GET"]}}],"collection":[{"href":"https:\/\/galeriesalvador.com\/fr\/wp-json\/wp\/v2\/product"}],"about":[{"href":"https:\/\/galeriesalvador.com\/fr\/wp-json\/wp\/v2\/types\/product"}],"wp:featuredmedia":[{"embeddable":true,"href":"https:\/\/galeriesalvador.com\/fr\/wp-json\/wp\/v2\/media\/548"}],"wp:attachment":[{"href":"https:\/\/galeriesalvador.com\/fr\/wp-json\/wp\/v2\/media?parent=547"}],"wp:term":[{"taxonomy":"product_brand","embeddable":true,"href":"https:\/\/galeriesalvador.com\/fr\/wp-json\/wp\/v2\/product_brand?post=547"},{"taxonomy":"product_cat","embeddable":true,"href":"https:\/\/galeriesalvador.com\/fr\/wp-json\/wp\/v2\/product_cat?post=547"},{"taxonomy":"product_tag","embeddable":true,"href":"https:\/\/galeriesalvador.com\/fr\/wp-json\/wp\/v2\/product_tag?post=547"}],"curies":[{"name":"wp","href":"https:\/\/api.w.org\/{rel}","templated":true}]}}