{"id":561,"date":"2023-06-22T11:51:33","date_gmt":"2023-06-22T09:51:33","guid":{"rendered":"https:\/\/galeriesalvador.com\/?post_type=product&#038;p=561"},"modified":"2023-11-03T11:47:12","modified_gmt":"2023-11-03T10:47:12","slug":"charles-heather-fazzino-tagging-the-big-apple-alu-edition","status":"publish","type":"product","link":"https:\/\/galeriesalvador.com\/fr\/produit\/charles-heather-fazzino-tagging-the-big-apple-alu-edition\/","title":{"rendered":"Charles &#038; Heather FAZZINO &#8211; &#8220;Tagging the Big Apple&#8221; (ALU Edition)"},"content":{"rendered":"","protected":false},"excerpt":{"rendered":"<p>Technique mixte 3D sur aluminium et papier fort<br \/>\nSujet : 35 x 46 cm environ (54 x 65 cm encadr\u00e9) &#8211; N\u00b0 \/50 &#8211; Edition \u201cALU\u201d sur aluminium<br \/>\n2019 &#8211; Num\u00e9rot\u00e9 \/ Sign\u00e9 \u00e0 la main par les 2 Artistes (Charles &amp; Heather FAZZINO &#8211; Cette Oeuvre est la toute premi\u00e8re collaboration entre Charles et sa fille Heather).<br \/>\nEncadrement original &#8220;FAZZINO Studio&#8221;<\/p>","protected":false},"featured_media":562,"template":"","meta":[],"product_brand":[],"product_cat":[93,104,70,73,74,80,72],"product_tag":[],"class_list":{"0":"post-561","1":"product","2":"type-product","3":"status-publish","4":"has-post-thumbnail","6":"product_cat-deckart","7":"product_cat-fazzino-charles","8":"product_cat-artists","9":"product_cat-artworks","10":"product_cat-contemporary-art","11":"product_cat-pop-art","12":"product_cat-past-shows","14":"first","15":"instock","16":"sold-individually","17":"taxable","18":"shipping-taxable","19":"purchasable","20":"product-type-simple"},"_links":{"self":[{"href":"https:\/\/galeriesalvador.com\/fr\/wp-json\/wp\/v2\/product\/561","targetHints":{"allow":["GET"]}}],"collection":[{"href":"https:\/\/galeriesalvador.com\/fr\/wp-json\/wp\/v2\/product"}],"about":[{"href":"https:\/\/galeriesalvador.com\/fr\/wp-json\/wp\/v2\/types\/product"}],"wp:featuredmedia":[{"embeddable":true,"href":"https:\/\/galeriesalvador.com\/fr\/wp-json\/wp\/v2\/media\/562"}],"wp:attachment":[{"href":"https:\/\/galeriesalvador.com\/fr\/wp-json\/wp\/v2\/media?parent=561"}],"wp:term":[{"taxonomy":"product_brand","embeddable":true,"href":"https:\/\/galeriesalvador.com\/fr\/wp-json\/wp\/v2\/product_brand?post=561"},{"taxonomy":"product_cat","embeddable":true,"href":"https:\/\/galeriesalvador.com\/fr\/wp-json\/wp\/v2\/product_cat?post=561"},{"taxonomy":"product_tag","embeddable":true,"href":"https:\/\/galeriesalvador.com\/fr\/wp-json\/wp\/v2\/product_tag?post=561"}],"curies":[{"name":"wp","href":"https:\/\/api.w.org\/{rel}","templated":true}]}}