{"id":563,"date":"2023-06-22T11:56:17","date_gmt":"2023-06-22T09:56:17","guid":{"rendered":"https:\/\/galeriesalvador.com\/?post_type=product&#038;p=563"},"modified":"2023-11-03T11:46:17","modified_gmt":"2023-11-03T10:46:17","slug":"lady-pink-olivia-with-tags","status":"publish","type":"product","link":"https:\/\/galeriesalvador.com\/fr\/produit\/lady-pink-olivia-with-tags\/","title":{"rendered":"LADY PINK &#8211; &#8220;Olivia with Tags&#8221;"},"content":{"rendered":"","protected":false},"excerpt":{"rendered":"<p>Technique mixte sur papier fait main<br \/>\n21 x 21 cm (encadr\u00e9 : 29 x 29 cm environ) &#8211; Oeuvre unique<br \/>\n2019 &#8211; Sign\u00e9 \/ dat\u00e9 en bas \u00e0 droite et dans le dessin<br \/>\nEncadr\u00e9 verre mus\u00e9e anti-uv \/ anti reflet (possibilit\u00e9 de d\u00e9cadrer l&#8217;Oeuvre pour une exp\u00e9dition &#8220;\u00e0 plat&#8221;)<\/p>\n<p>VENDU \/ SOLD<\/p>","protected":false},"featured_media":564,"template":"","meta":[],"product_brand":[],"product_cat":[93,70,82,73,74,75,77,72],"product_tag":[],"class_list":{"0":"post-563","1":"product","2":"type-product","3":"status-publish","4":"has-post-thumbnail","6":"product_cat-deckart","7":"product_cat-artists","8":"product_cat-lady-pink","9":"product_cat-artworks","10":"product_cat-contemporary-art","11":"product_cat-graffiti","12":"product_cat-urban","13":"product_cat-past-shows","15":"first","16":"outofstock","17":"sold-individually","18":"taxable","19":"shipping-taxable","20":"purchasable","21":"product-type-simple"},"_links":{"self":[{"href":"https:\/\/galeriesalvador.com\/fr\/wp-json\/wp\/v2\/product\/563","targetHints":{"allow":["GET"]}}],"collection":[{"href":"https:\/\/galeriesalvador.com\/fr\/wp-json\/wp\/v2\/product"}],"about":[{"href":"https:\/\/galeriesalvador.com\/fr\/wp-json\/wp\/v2\/types\/product"}],"wp:featuredmedia":[{"embeddable":true,"href":"https:\/\/galeriesalvador.com\/fr\/wp-json\/wp\/v2\/media\/564"}],"wp:attachment":[{"href":"https:\/\/galeriesalvador.com\/fr\/wp-json\/wp\/v2\/media?parent=563"}],"wp:term":[{"taxonomy":"product_brand","embeddable":true,"href":"https:\/\/galeriesalvador.com\/fr\/wp-json\/wp\/v2\/product_brand?post=563"},{"taxonomy":"product_cat","embeddable":true,"href":"https:\/\/galeriesalvador.com\/fr\/wp-json\/wp\/v2\/product_cat?post=563"},{"taxonomy":"product_tag","embeddable":true,"href":"https:\/\/galeriesalvador.com\/fr\/wp-json\/wp\/v2\/product_tag?post=563"}],"curies":[{"name":"wp","href":"https:\/\/api.w.org\/{rel}","templated":true}]}}