{"id":571,"date":"2023-06-22T14:35:19","date_gmt":"2023-06-22T12:35:19","guid":{"rendered":"https:\/\/galeriesalvador.com\/?post_type=product&#038;p=571"},"modified":"2023-11-03T11:42:04","modified_gmt":"2023-11-03T10:42:04","slug":"partone-jungle-boogie","status":"publish","type":"product","link":"https:\/\/galeriesalvador.com\/fr\/produit\/partone-jungle-boogie\/","title":{"rendered":"PARTONE &#8211; &#8220;Jungle Boogie&#8221;"},"content":{"rendered":"","protected":false},"excerpt":{"rendered":"<p>Technique mixte sur toile (acrylique, bombe a\u00e9rosol, feutre&#8230;)<br \/>\n145 x 85 cm (non encadr\u00e9) &#8211; Oeuvre unique<br \/>\n2009 &#8211; Sign\u00e9 dans l\u2019oeuvre + dos<\/p>\n<p>Livraison au choix : mont\u00e9 sur ch\u00e2ssis ou roul\u00e9 (merci de nous contacter selon vos pr\u00e9f\u00e9rences d&#8217;exp\u00e9dition).<\/p>","protected":false},"featured_media":479,"template":"","meta":[],"product_brand":[],"product_cat":[93,96,70,73,74,75,77,72],"product_tag":[],"class_list":{"0":"post-571","1":"product","2":"type-product","3":"status-publish","4":"has-post-thumbnail","6":"product_cat-deckart","7":"product_cat-partone","8":"product_cat-artists","9":"product_cat-artworks","10":"product_cat-contemporary-art","11":"product_cat-graffiti","12":"product_cat-urban","13":"product_cat-past-shows","15":"first","16":"instock","17":"sold-individually","18":"taxable","19":"shipping-taxable","20":"purchasable","21":"product-type-simple"},"_links":{"self":[{"href":"https:\/\/galeriesalvador.com\/fr\/wp-json\/wp\/v2\/product\/571","targetHints":{"allow":["GET"]}}],"collection":[{"href":"https:\/\/galeriesalvador.com\/fr\/wp-json\/wp\/v2\/product"}],"about":[{"href":"https:\/\/galeriesalvador.com\/fr\/wp-json\/wp\/v2\/types\/product"}],"wp:featuredmedia":[{"embeddable":true,"href":"https:\/\/galeriesalvador.com\/fr\/wp-json\/wp\/v2\/media\/479"}],"wp:attachment":[{"href":"https:\/\/galeriesalvador.com\/fr\/wp-json\/wp\/v2\/media?parent=571"}],"wp:term":[{"taxonomy":"product_brand","embeddable":true,"href":"https:\/\/galeriesalvador.com\/fr\/wp-json\/wp\/v2\/product_brand?post=571"},{"taxonomy":"product_cat","embeddable":true,"href":"https:\/\/galeriesalvador.com\/fr\/wp-json\/wp\/v2\/product_cat?post=571"},{"taxonomy":"product_tag","embeddable":true,"href":"https:\/\/galeriesalvador.com\/fr\/wp-json\/wp\/v2\/product_tag?post=571"}],"curies":[{"name":"wp","href":"https:\/\/api.w.org\/{rel}","templated":true}]}}