{"id":584,"date":"2023-06-22T15:05:44","date_gmt":"2023-06-22T13:05:44","guid":{"rendered":"https:\/\/galeriesalvador.com\/?post_type=product&#038;p=584"},"modified":"2023-11-03T11:39:20","modified_gmt":"2023-11-03T10:39:20","slug":"seen-block-buster-s-super-s","status":"publish","type":"product","link":"https:\/\/galeriesalvador.com\/fr\/produit\/seen-block-buster-s-super-s\/","title":{"rendered":"SEEN &#8211; \u201cBlock Buster S\u201d (Super S)"},"content":{"rendered":"","protected":false},"excerpt":{"rendered":"<p>Technique mixte sur toile (acrylique, bombe a\u00e9rosol&#8230;)<br \/>\n125 x 100 cm (encadr\u00e9 : 130 x 105 cm) &#8211; Oeuvre unique<br \/>\nCirca 2010 &#8211; Sign\u00e9 dans l\u2019oeuvre + dos<br \/>\nEncadr\u00e9 \u201ccaisse am\u00e9ricaine\u201d noir mat<\/p>\n<p>Livraison au choix : encadr\u00e9\/mont\u00e9 sur ch\u00e2ssis ou d\u00e9cadr\u00e9\/roul\u00e9 (merci de nous contacter selon vos pr\u00e9f\u00e9rences d\u2019exp\u00e9dition).<\/p>","protected":false},"featured_media":585,"template":"","meta":[],"product_brand":[],"product_cat":[93,107,70,73,74,75,77,72],"product_tag":[],"class_list":{"0":"post-584","1":"product","2":"type-product","3":"status-publish","4":"has-post-thumbnail","6":"product_cat-deckart","7":"product_cat-seen","8":"product_cat-artists","9":"product_cat-artworks","10":"product_cat-contemporary-art","11":"product_cat-graffiti","12":"product_cat-urban","13":"product_cat-past-shows","15":"first","16":"instock","17":"sold-individually","18":"taxable","19":"shipping-taxable","20":"purchasable","21":"product-type-simple"},"_links":{"self":[{"href":"https:\/\/galeriesalvador.com\/fr\/wp-json\/wp\/v2\/product\/584","targetHints":{"allow":["GET"]}}],"collection":[{"href":"https:\/\/galeriesalvador.com\/fr\/wp-json\/wp\/v2\/product"}],"about":[{"href":"https:\/\/galeriesalvador.com\/fr\/wp-json\/wp\/v2\/types\/product"}],"wp:featuredmedia":[{"embeddable":true,"href":"https:\/\/galeriesalvador.com\/fr\/wp-json\/wp\/v2\/media\/585"}],"wp:attachment":[{"href":"https:\/\/galeriesalvador.com\/fr\/wp-json\/wp\/v2\/media?parent=584"}],"wp:term":[{"taxonomy":"product_brand","embeddable":true,"href":"https:\/\/galeriesalvador.com\/fr\/wp-json\/wp\/v2\/product_brand?post=584"},{"taxonomy":"product_cat","embeddable":true,"href":"https:\/\/galeriesalvador.com\/fr\/wp-json\/wp\/v2\/product_cat?post=584"},{"taxonomy":"product_tag","embeddable":true,"href":"https:\/\/galeriesalvador.com\/fr\/wp-json\/wp\/v2\/product_tag?post=584"}],"curies":[{"name":"wp","href":"https:\/\/api.w.org\/{rel}","templated":true}]}}