{"id":595,"date":"2023-06-22T15:23:19","date_gmt":"2023-06-22T13:23:19","guid":{"rendered":"https:\/\/galeriesalvador.com\/?post_type=product&#038;p=595"},"modified":"2023-11-03T11:36:31","modified_gmt":"2023-11-03T10:36:31","slug":"dondi-white-dapres-united-states-of-graffiti","status":"publish","type":"product","link":"https:\/\/galeriesalvador.com\/fr\/produit\/dondi-white-dapres-united-states-of-graffiti\/","title":{"rendered":"DONDI WHITE (d&#8217;apr\u00e8s) &#8211; &#8220;United States of Graffiti&#8221;"},"content":{"rendered":"","protected":false},"excerpt":{"rendered":"<p>S\u00e9rigraphie (issue du set de 4 s\u00e9rigraphies)<br \/>\n51 x 61 cm &#8211; Tirage limit\u00e9 \u00e0 100 exemplaires num\u00e9rot\u00e9s<br \/>\n2004 &#8211; Num\u00e9rot\u00e9 en bas + timbre \u00e0 sec Editeur \u201cDondi White Estate\u201d<\/p>\n<p>Livr\u00e9 en tube (exp\u00e9dition par d\u00e9faut), ou encadr\u00e9 sur demande.<\/p>","protected":false},"featured_media":596,"template":"","meta":[],"product_brand":[],"product_cat":[93,88,70,73,74,75,77,72],"product_tag":[],"class_list":{"0":"post-595","1":"product","2":"type-product","3":"status-publish","4":"has-post-thumbnail","6":"product_cat-deckart","7":"product_cat-dondi-white","8":"product_cat-artists","9":"product_cat-artworks","10":"product_cat-contemporary-art","11":"product_cat-graffiti","12":"product_cat-urban","13":"product_cat-past-shows","15":"first","16":"instock","17":"sold-individually","18":"taxable","19":"shipping-taxable","20":"purchasable","21":"product-type-simple"},"_links":{"self":[{"href":"https:\/\/galeriesalvador.com\/fr\/wp-json\/wp\/v2\/product\/595","targetHints":{"allow":["GET"]}}],"collection":[{"href":"https:\/\/galeriesalvador.com\/fr\/wp-json\/wp\/v2\/product"}],"about":[{"href":"https:\/\/galeriesalvador.com\/fr\/wp-json\/wp\/v2\/types\/product"}],"wp:featuredmedia":[{"embeddable":true,"href":"https:\/\/galeriesalvador.com\/fr\/wp-json\/wp\/v2\/media\/596"}],"wp:attachment":[{"href":"https:\/\/galeriesalvador.com\/fr\/wp-json\/wp\/v2\/media?parent=595"}],"wp:term":[{"taxonomy":"product_brand","embeddable":true,"href":"https:\/\/galeriesalvador.com\/fr\/wp-json\/wp\/v2\/product_brand?post=595"},{"taxonomy":"product_cat","embeddable":true,"href":"https:\/\/galeriesalvador.com\/fr\/wp-json\/wp\/v2\/product_cat?post=595"},{"taxonomy":"product_tag","embeddable":true,"href":"https:\/\/galeriesalvador.com\/fr\/wp-json\/wp\/v2\/product_tag?post=595"}],"curies":[{"name":"wp","href":"https:\/\/api.w.org\/{rel}","templated":true}]}}