{"id":600,"date":"2023-06-22T15:35:47","date_gmt":"2023-06-22T13:35:47","guid":{"rendered":"https:\/\/galeriesalvador.com\/?post_type=product&#038;p=600"},"modified":"2023-11-03T11:35:01","modified_gmt":"2023-11-03T10:35:01","slug":"blade-the-deep","status":"publish","type":"product","link":"https:\/\/galeriesalvador.com\/fr\/produit\/blade-the-deep\/","title":{"rendered":"BLADE &#8211; &#8220;The Deep&#8221;"},"content":{"rendered":"","protected":false},"excerpt":{"rendered":"<p>Acrylique sur toile<br \/>\n110,5 x 33,5 cm (encadr\u00e9 : 115 x 38 cm environ) &#8211; Oeuvre unique.<br \/>\n2019 &#8211; Sign\u00e9 par BLADE au dos + divers textes et inscriptions manuelles par BLADE.<br \/>\nEncadr\u00e9 \u201ccaisse am\u00e9ricaine\u201d noir mat.<\/p>\n<p>Livraison au choix : encadr\u00e9\/mont\u00e9 sur ch\u00e2ssis ou d\u00e9cadr\u00e9\/roul\u00e9 (merci de nous contacter selon vos pr\u00e9f\u00e9rences d\u2019exp\u00e9dition).<\/p>","protected":false},"featured_media":601,"template":"","meta":[],"product_brand":[],"product_cat":[108,93,70,73,74,75,77,72],"product_tag":[],"class_list":{"0":"post-600","1":"product","2":"type-product","3":"status-publish","4":"has-post-thumbnail","6":"product_cat-blade","7":"product_cat-deckart","8":"product_cat-artists","9":"product_cat-artworks","10":"product_cat-contemporary-art","11":"product_cat-graffiti","12":"product_cat-urban","13":"product_cat-past-shows","15":"first","16":"instock","17":"sold-individually","18":"taxable","19":"shipping-taxable","20":"purchasable","21":"product-type-simple"},"_links":{"self":[{"href":"https:\/\/galeriesalvador.com\/fr\/wp-json\/wp\/v2\/product\/600","targetHints":{"allow":["GET"]}}],"collection":[{"href":"https:\/\/galeriesalvador.com\/fr\/wp-json\/wp\/v2\/product"}],"about":[{"href":"https:\/\/galeriesalvador.com\/fr\/wp-json\/wp\/v2\/types\/product"}],"wp:featuredmedia":[{"embeddable":true,"href":"https:\/\/galeriesalvador.com\/fr\/wp-json\/wp\/v2\/media\/601"}],"wp:attachment":[{"href":"https:\/\/galeriesalvador.com\/fr\/wp-json\/wp\/v2\/media?parent=600"}],"wp:term":[{"taxonomy":"product_brand","embeddable":true,"href":"https:\/\/galeriesalvador.com\/fr\/wp-json\/wp\/v2\/product_brand?post=600"},{"taxonomy":"product_cat","embeddable":true,"href":"https:\/\/galeriesalvador.com\/fr\/wp-json\/wp\/v2\/product_cat?post=600"},{"taxonomy":"product_tag","embeddable":true,"href":"https:\/\/galeriesalvador.com\/fr\/wp-json\/wp\/v2\/product_tag?post=600"}],"curies":[{"name":"wp","href":"https:\/\/api.w.org\/{rel}","templated":true}]}}