{"id":615,"date":"2023-06-23T11:21:05","date_gmt":"2023-06-23T09:21:05","guid":{"rendered":"https:\/\/galeriesalvador.com\/?post_type=product&#038;p=615"},"modified":"2024-06-18T13:15:07","modified_gmt":"2024-06-18T11:15:07","slug":"cope2-cope-nyc-subway-train-o-scale","status":"publish","type":"product","link":"https:\/\/galeriesalvador.com\/fr\/produit\/cope2-cope-nyc-subway-train-o-scale\/","title":{"rendered":"COPE2 &#8211; &#8220;COPE NYC Subway Train&#8221; O-Scale"},"content":{"rendered":"","protected":false},"excerpt":{"rendered":"<p>Technique mixte sur v\u00e9ritable mod\u00e8le r\u00e9duit de train MTA \u201cO-Scale\u201d (marque &#8220;MTH&#8221;)<br \/>\n32 x 9 x 6 cm env. &#8211; Oeuvre unique Recto \/ Verso<br \/>\n2020 &#8211; Sign\u00e9 sur le train recto \/ verso<br \/>\nFourni avec coffret plexiglas \u00e9clair\u00e9 par 4 lampadaires led miniatures.<\/p>\n<p>Photos compl\u00e9mentaires sur demande.<\/p>","protected":false},"featured_media":616,"template":"","meta":[],"product_brand":[],"product_cat":[86,130,70,73,74,75,77,72],"product_tag":[],"class_list":{"0":"post-615","1":"product","2":"type-product","3":"status-publish","4":"has-post-thumbnail","6":"product_cat-cope-2","7":"product_cat-nyc-legends","8":"product_cat-artists","9":"product_cat-artworks","10":"product_cat-contemporary-art","11":"product_cat-graffiti","12":"product_cat-urban","13":"product_cat-past-shows","15":"first","16":"instock","17":"sold-individually","18":"taxable","19":"shipping-taxable","20":"purchasable","21":"product-type-simple"},"_links":{"self":[{"href":"https:\/\/galeriesalvador.com\/fr\/wp-json\/wp\/v2\/product\/615","targetHints":{"allow":["GET"]}}],"collection":[{"href":"https:\/\/galeriesalvador.com\/fr\/wp-json\/wp\/v2\/product"}],"about":[{"href":"https:\/\/galeriesalvador.com\/fr\/wp-json\/wp\/v2\/types\/product"}],"wp:featuredmedia":[{"embeddable":true,"href":"https:\/\/galeriesalvador.com\/fr\/wp-json\/wp\/v2\/media\/616"}],"wp:attachment":[{"href":"https:\/\/galeriesalvador.com\/fr\/wp-json\/wp\/v2\/media?parent=615"}],"wp:term":[{"taxonomy":"product_brand","embeddable":true,"href":"https:\/\/galeriesalvador.com\/fr\/wp-json\/wp\/v2\/product_brand?post=615"},{"taxonomy":"product_cat","embeddable":true,"href":"https:\/\/galeriesalvador.com\/fr\/wp-json\/wp\/v2\/product_cat?post=615"},{"taxonomy":"product_tag","embeddable":true,"href":"https:\/\/galeriesalvador.com\/fr\/wp-json\/wp\/v2\/product_tag?post=615"}],"curies":[{"name":"wp","href":"https:\/\/api.w.org\/{rel}","templated":true}]}}