{"id":619,"date":"2023-06-23T11:34:38","date_gmt":"2023-06-23T09:34:38","guid":{"rendered":"https:\/\/galeriesalvador.com\/?post_type=product&#038;p=619"},"modified":"2024-06-18T13:17:15","modified_gmt":"2024-06-18T11:17:15","slug":"rammellzee-dapres-traxx-an-antithesaurus-disrupter","status":"publish","type":"product","link":"https:\/\/galeriesalvador.com\/fr\/produit\/rammellzee-dapres-traxx-an-antithesaurus-disrupter\/","title":{"rendered":"RAMMELLZEE (d&#8217;apr\u00e8s) &#8211; &#8220;Traxx An Antithesaurus Disrupter&#8221;"},"content":{"rendered":"","protected":false},"excerpt":{"rendered":"<p>S\u00e9rigraphie 11 couleurs sur papier Mohawk Superfine UltraWhite 130grm<br \/>\n61 x 51 cm &#8211; Num\u00e9rot\u00e9e \/100 (Editeur BTS \u201cBeyond The Streets, NYC &#8211; Roger GASTMAN\u201d)<br \/>\n2019 &#8211; Num\u00e9rot\u00e9 en bas \/100 + timbre \u00e0 sec Editeur BTS<br \/>\nLivr\u00e9 en tube (roul\u00e9) ou encadr\u00e9.<\/p>\n<p>Photos compl\u00e9mentaires sur demande.<\/p>","protected":false},"featured_media":620,"template":"","meta":[],"product_brand":[],"product_cat":[93,130,106,70,73,74,75,77,72],"product_tag":[],"class_list":{"0":"post-619","1":"product","2":"type-product","3":"status-publish","4":"has-post-thumbnail","6":"product_cat-deckart","7":"product_cat-nyc-legends","8":"product_cat-rammellzee","9":"product_cat-artists","10":"product_cat-artworks","11":"product_cat-contemporary-art","12":"product_cat-graffiti","13":"product_cat-urban","14":"product_cat-past-shows","16":"first","17":"instock","18":"sold-individually","19":"taxable","20":"shipping-taxable","21":"purchasable","22":"product-type-simple"},"_links":{"self":[{"href":"https:\/\/galeriesalvador.com\/fr\/wp-json\/wp\/v2\/product\/619","targetHints":{"allow":["GET"]}}],"collection":[{"href":"https:\/\/galeriesalvador.com\/fr\/wp-json\/wp\/v2\/product"}],"about":[{"href":"https:\/\/galeriesalvador.com\/fr\/wp-json\/wp\/v2\/types\/product"}],"wp:featuredmedia":[{"embeddable":true,"href":"https:\/\/galeriesalvador.com\/fr\/wp-json\/wp\/v2\/media\/620"}],"wp:attachment":[{"href":"https:\/\/galeriesalvador.com\/fr\/wp-json\/wp\/v2\/media?parent=619"}],"wp:term":[{"taxonomy":"product_brand","embeddable":true,"href":"https:\/\/galeriesalvador.com\/fr\/wp-json\/wp\/v2\/product_brand?post=619"},{"taxonomy":"product_cat","embeddable":true,"href":"https:\/\/galeriesalvador.com\/fr\/wp-json\/wp\/v2\/product_cat?post=619"},{"taxonomy":"product_tag","embeddable":true,"href":"https:\/\/galeriesalvador.com\/fr\/wp-json\/wp\/v2\/product_tag?post=619"}],"curies":[{"name":"wp","href":"https:\/\/api.w.org\/{rel}","templated":true}]}}