{"id":627,"date":"2023-06-23T12:01:49","date_gmt":"2023-06-23T10:01:49","guid":{"rendered":"https:\/\/galeriesalvador.com\/?post_type=product&#038;p=627"},"modified":"2023-11-03T12:35:13","modified_gmt":"2023-11-03T11:35:13","slug":"franc-palaia-shadow-with-white-car-2022-richard-hambleton-nightlife-serie","status":"publish","type":"product","link":"https:\/\/galeriesalvador.com\/fr\/produit\/franc-palaia-shadow-with-white-car-2022-richard-hambleton-nightlife-serie\/","title":{"rendered":"Franc PALAIA &#8211; &#8220;Shadow with White Car Wall Work&#8221; 2022 (Richard HAMBLETON Nightlife Serie)"},"content":{"rendered":"","protected":false},"excerpt":{"rendered":"<p>Technique Mixte sur polystyr\u00e8ne et ciment\/pierres (photographie couleur, papier\/collage, peinture, bombe a\u00e9rosol et bois).<br \/>\n65 x 35 x 5 cm &#8211; Oeuvre Unique<br \/>\n2022 &#8211; Sign\u00e9 \/ Dat\u00e9 par Franc PALAIA (dos) &#8211; Photo issue de la s\u00e9rie des &#8220;Shadowmen&#8221; r\u00e9alis\u00e9s par Richard HAMBLETON \u00e0 New York City au d\u00e9but des ann\u00e9es 1980.<\/p>\n<p>Photos compl\u00e9mentaires sur demande (oeuvre tr\u00e8s l\u00e9g\u00e8re sur polystyr\u00e8ne 5cm \u00e9paisseur environ).<\/p>","protected":false},"featured_media":628,"template":"","meta":[],"product_brand":[],"product_cat":[102,100,101,70,73,74,75,77,72],"product_tag":[],"class_list":{"0":"post-627","1":"product","2":"type-product","3":"status-publish","4":"has-post-thumbnail","6":"product_cat-hambleton","7":"product_cat-nightlife","8":"product_cat-palaia-franc","9":"product_cat-artists","10":"product_cat-artworks","11":"product_cat-contemporary-art","12":"product_cat-graffiti","13":"product_cat-urban","14":"product_cat-past-shows","16":"first","17":"instock","18":"sold-individually","19":"taxable","20":"shipping-taxable","21":"purchasable","22":"product-type-simple"},"_links":{"self":[{"href":"https:\/\/galeriesalvador.com\/fr\/wp-json\/wp\/v2\/product\/627","targetHints":{"allow":["GET"]}}],"collection":[{"href":"https:\/\/galeriesalvador.com\/fr\/wp-json\/wp\/v2\/product"}],"about":[{"href":"https:\/\/galeriesalvador.com\/fr\/wp-json\/wp\/v2\/types\/product"}],"wp:featuredmedia":[{"embeddable":true,"href":"https:\/\/galeriesalvador.com\/fr\/wp-json\/wp\/v2\/media\/628"}],"wp:attachment":[{"href":"https:\/\/galeriesalvador.com\/fr\/wp-json\/wp\/v2\/media?parent=627"}],"wp:term":[{"taxonomy":"product_brand","embeddable":true,"href":"https:\/\/galeriesalvador.com\/fr\/wp-json\/wp\/v2\/product_brand?post=627"},{"taxonomy":"product_cat","embeddable":true,"href":"https:\/\/galeriesalvador.com\/fr\/wp-json\/wp\/v2\/product_cat?post=627"},{"taxonomy":"product_tag","embeddable":true,"href":"https:\/\/galeriesalvador.com\/fr\/wp-json\/wp\/v2\/product_tag?post=627"}],"curies":[{"name":"wp","href":"https:\/\/api.w.org\/{rel}","templated":true}]}}