{"id":637,"date":"2023-06-23T12:28:12","date_gmt":"2023-06-23T10:28:12","guid":{"rendered":"https:\/\/galeriesalvador.com\/?post_type=product&#038;p=637"},"modified":"2023-11-03T11:31:03","modified_gmt":"2023-11-03T10:31:03","slug":"mark-bode-broad-gee-bee-flyer","status":"publish","type":"product","link":"https:\/\/galeriesalvador.com\/fr\/produit\/mark-bode-broad-gee-bee-flyer\/","title":{"rendered":"Mark BODE &#8211; &#8220;Broad Gee Bee Flyer&#8221; 2000"},"content":{"rendered":"","protected":false},"excerpt":{"rendered":"<p>Technique mixte sur papier fort<br \/>\n27 x 34 cm &#8211; Oeuvre unique<br \/>\n2000 &#8211; Sign\u00e9 \/ dat\u00e9 en bas \u00e0 droite &#8211; Titr\u00e9 en bas \u00e0 gauche<\/p>\n<p>Livr\u00e9 en tube (roul\u00e9).<\/p>","protected":false},"featured_media":638,"template":"","meta":[],"product_brand":[],"product_cat":[94,93,70,73,74,75,80,77,72],"product_tag":[],"class_list":{"0":"post-637","1":"product","2":"type-product","3":"status-publish","4":"has-post-thumbnail","6":"product_cat-bode-mark","7":"product_cat-deckart","8":"product_cat-artists","9":"product_cat-artworks","10":"product_cat-contemporary-art","11":"product_cat-graffiti","12":"product_cat-pop-art","13":"product_cat-urban","14":"product_cat-past-shows","16":"first","17":"instock","18":"sold-individually","19":"taxable","20":"shipping-taxable","21":"purchasable","22":"product-type-simple"},"_links":{"self":[{"href":"https:\/\/galeriesalvador.com\/fr\/wp-json\/wp\/v2\/product\/637","targetHints":{"allow":["GET"]}}],"collection":[{"href":"https:\/\/galeriesalvador.com\/fr\/wp-json\/wp\/v2\/product"}],"about":[{"href":"https:\/\/galeriesalvador.com\/fr\/wp-json\/wp\/v2\/types\/product"}],"wp:featuredmedia":[{"embeddable":true,"href":"https:\/\/galeriesalvador.com\/fr\/wp-json\/wp\/v2\/media\/638"}],"wp:attachment":[{"href":"https:\/\/galeriesalvador.com\/fr\/wp-json\/wp\/v2\/media?parent=637"}],"wp:term":[{"taxonomy":"product_brand","embeddable":true,"href":"https:\/\/galeriesalvador.com\/fr\/wp-json\/wp\/v2\/product_brand?post=637"},{"taxonomy":"product_cat","embeddable":true,"href":"https:\/\/galeriesalvador.com\/fr\/wp-json\/wp\/v2\/product_cat?post=637"},{"taxonomy":"product_tag","embeddable":true,"href":"https:\/\/galeriesalvador.com\/fr\/wp-json\/wp\/v2\/product_tag?post=637"}],"curies":[{"name":"wp","href":"https:\/\/api.w.org\/{rel}","templated":true}]}}