{"id":640,"date":"2023-06-23T12:40:31","date_gmt":"2023-06-23T10:40:31","guid":{"rendered":"https:\/\/galeriesalvador.com\/?post_type=product&#038;p=640"},"modified":"2023-11-03T11:30:28","modified_gmt":"2023-11-03T10:30:28","slug":"crash-falling-angel-1997-metal","status":"publish","type":"product","link":"https:\/\/galeriesalvador.com\/fr\/produit\/crash-falling-angel-1997-metal\/","title":{"rendered":"CRASH &#8211; &#8220;Falling Angel&#8221; 1997 (Metal)"},"content":{"rendered":"","protected":false},"excerpt":{"rendered":"<p>Technique mixte sur m\u00e9tal (s\u00e9rigraphie, paillettes\/glitter&#8230;)<br \/>\n101 x 71 x 5 cm &#8211; Tirage tr\u00e8s limit\u00e9 \u00e0 12 exemplaires num\u00e9rot\u00e9s<br \/>\n1997 &#8211; Sign\u00e9 \/ dat\u00e9 en bas \u00e0 droite \u00e0 la main + sign\u00e9 \/ dat\u00e9 \/ num\u00e9rot\u00e9 au dos (1\/12).<\/p>\n<p>Oeuvre tr\u00e8s fragile, livraison en carton renforc\u00e9 ou retrait sur place \u00e0 la Galerie (id\u00e9al par s\u00e9curit\u00e9).<\/p>","protected":false},"featured_media":639,"template":"","meta":[],"product_brand":[],"product_cat":[109,70,73,74,75,80,77,72,76],"product_tag":[],"class_list":{"0":"post-640","1":"product","2":"type-product","3":"status-publish","4":"has-post-thumbnail","6":"product_cat-crash","7":"product_cat-artists","8":"product_cat-artworks","9":"product_cat-contemporary-art","10":"product_cat-graffiti","11":"product_cat-pop-art","12":"product_cat-urban","13":"product_cat-past-shows","14":"product_cat-americanvas","16":"first","17":"instock","18":"sold-individually","19":"taxable","20":"shipping-taxable","21":"purchasable","22":"product-type-simple"},"_links":{"self":[{"href":"https:\/\/galeriesalvador.com\/fr\/wp-json\/wp\/v2\/product\/640","targetHints":{"allow":["GET"]}}],"collection":[{"href":"https:\/\/galeriesalvador.com\/fr\/wp-json\/wp\/v2\/product"}],"about":[{"href":"https:\/\/galeriesalvador.com\/fr\/wp-json\/wp\/v2\/types\/product"}],"wp:featuredmedia":[{"embeddable":true,"href":"https:\/\/galeriesalvador.com\/fr\/wp-json\/wp\/v2\/media\/639"}],"wp:attachment":[{"href":"https:\/\/galeriesalvador.com\/fr\/wp-json\/wp\/v2\/media?parent=640"}],"wp:term":[{"taxonomy":"product_brand","embeddable":true,"href":"https:\/\/galeriesalvador.com\/fr\/wp-json\/wp\/v2\/product_brand?post=640"},{"taxonomy":"product_cat","embeddable":true,"href":"https:\/\/galeriesalvador.com\/fr\/wp-json\/wp\/v2\/product_cat?post=640"},{"taxonomy":"product_tag","embeddable":true,"href":"https:\/\/galeriesalvador.com\/fr\/wp-json\/wp\/v2\/product_tag?post=640"}],"curies":[{"name":"wp","href":"https:\/\/api.w.org\/{rel}","templated":true}]}}