{"id":641,"date":"2023-06-23T12:47:02","date_gmt":"2023-06-23T10:47:02","guid":{"rendered":"https:\/\/galeriesalvador.com\/?post_type=product&#038;p=641"},"modified":"2023-11-03T11:29:41","modified_gmt":"2023-11-03T10:29:41","slug":"daze-the-villa-lena","status":"publish","type":"product","link":"https:\/\/galeriesalvador.com\/fr\/produit\/daze-the-villa-lena\/","title":{"rendered":"DAZE &#8211; &#8220;The Villa Lena&#8221;"},"content":{"rendered":"","protected":false},"excerpt":{"rendered":"<p>Technique mixte sur papier fort<br \/>\n100 x 150 cm environ &#8211; Oeuvre unique<br \/>\n2015 &#8211; Sign\u00e9 \/ dat\u00e9 en bas \u00e0 droite<\/p>\n<p>Livr\u00e9 en tube (roul\u00e9). Possibilit\u00e9 de livraison\/retrait Galerie encadr\u00e9 (oeuvre actuellement encadr\u00e9e verre mus\u00e9e anti-uv \/ anti reflet). N&#8217;h\u00e9sitez pas \u00e0 nous contacter concernant les modalit\u00e9s de livraisons.<\/p>","protected":false},"featured_media":642,"template":"","meta":[],"product_brand":[],"product_cat":[95,70,73,74,75,77,72,76],"product_tag":[],"class_list":{"0":"post-641","1":"product","2":"type-product","3":"status-publish","4":"has-post-thumbnail","6":"product_cat-daze","7":"product_cat-artists","8":"product_cat-artworks","9":"product_cat-contemporary-art","10":"product_cat-graffiti","11":"product_cat-urban","12":"product_cat-past-shows","13":"product_cat-americanvas","15":"first","16":"instock","17":"sold-individually","18":"taxable","19":"shipping-taxable","20":"purchasable","21":"product-type-simple"},"_links":{"self":[{"href":"https:\/\/galeriesalvador.com\/fr\/wp-json\/wp\/v2\/product\/641","targetHints":{"allow":["GET"]}}],"collection":[{"href":"https:\/\/galeriesalvador.com\/fr\/wp-json\/wp\/v2\/product"}],"about":[{"href":"https:\/\/galeriesalvador.com\/fr\/wp-json\/wp\/v2\/types\/product"}],"wp:featuredmedia":[{"embeddable":true,"href":"https:\/\/galeriesalvador.com\/fr\/wp-json\/wp\/v2\/media\/642"}],"wp:attachment":[{"href":"https:\/\/galeriesalvador.com\/fr\/wp-json\/wp\/v2\/media?parent=641"}],"wp:term":[{"taxonomy":"product_brand","embeddable":true,"href":"https:\/\/galeriesalvador.com\/fr\/wp-json\/wp\/v2\/product_brand?post=641"},{"taxonomy":"product_cat","embeddable":true,"href":"https:\/\/galeriesalvador.com\/fr\/wp-json\/wp\/v2\/product_cat?post=641"},{"taxonomy":"product_tag","embeddable":true,"href":"https:\/\/galeriesalvador.com\/fr\/wp-json\/wp\/v2\/product_tag?post=641"}],"curies":[{"name":"wp","href":"https:\/\/api.w.org\/{rel}","templated":true}]}}