{"id":643,"date":"2023-06-23T14:14:17","date_gmt":"2023-06-23T12:14:17","guid":{"rendered":"https:\/\/galeriesalvador.com\/?post_type=product&#038;p=643"},"modified":"2023-11-03T11:29:12","modified_gmt":"2023-11-03T10:29:12","slug":"delta2-serenity","status":"publish","type":"product","link":"https:\/\/galeriesalvador.com\/fr\/produit\/delta2-serenity\/","title":{"rendered":"DELTA2 &#8211; &#8220;Serenity&#8221;"},"content":{"rendered":"","protected":false},"excerpt":{"rendered":"<p>Technique Mixte sur toile (Acrylique, bombe a\u00e9rosol&#8230;)<\/p>\n<p>2019 &#8211; Sign\u00e9 (dos)<br \/>\n140 x 95 cm environ (non enchass\u00e9 \/ non encadr\u00e9) &#8211; Oeuvre Unique<\/p>\n<p>Livr\u00e9 en tube (roul\u00e9). Possibilit\u00e9 de retrait Galerie. N&#8217;h\u00e9sitez pas \u00e0 nous contacter concernant les modalit\u00e9s de livraisons.<\/p>","protected":false},"featured_media":644,"template":"","meta":[],"product_brand":[],"product_cat":[110,70,73,74,75,77,72,76],"product_tag":[],"class_list":{"0":"post-643","1":"product","2":"type-product","3":"status-publish","4":"has-post-thumbnail","6":"product_cat-delta2","7":"product_cat-artists","8":"product_cat-artworks","9":"product_cat-contemporary-art","10":"product_cat-graffiti","11":"product_cat-urban","12":"product_cat-past-shows","13":"product_cat-americanvas","15":"first","16":"instock","17":"sold-individually","18":"taxable","19":"shipping-taxable","20":"purchasable","21":"product-type-simple"},"_links":{"self":[{"href":"https:\/\/galeriesalvador.com\/fr\/wp-json\/wp\/v2\/product\/643","targetHints":{"allow":["GET"]}}],"collection":[{"href":"https:\/\/galeriesalvador.com\/fr\/wp-json\/wp\/v2\/product"}],"about":[{"href":"https:\/\/galeriesalvador.com\/fr\/wp-json\/wp\/v2\/types\/product"}],"wp:featuredmedia":[{"embeddable":true,"href":"https:\/\/galeriesalvador.com\/fr\/wp-json\/wp\/v2\/media\/644"}],"wp:attachment":[{"href":"https:\/\/galeriesalvador.com\/fr\/wp-json\/wp\/v2\/media?parent=643"}],"wp:term":[{"taxonomy":"product_brand","embeddable":true,"href":"https:\/\/galeriesalvador.com\/fr\/wp-json\/wp\/v2\/product_brand?post=643"},{"taxonomy":"product_cat","embeddable":true,"href":"https:\/\/galeriesalvador.com\/fr\/wp-json\/wp\/v2\/product_cat?post=643"},{"taxonomy":"product_tag","embeddable":true,"href":"https:\/\/galeriesalvador.com\/fr\/wp-json\/wp\/v2\/product_tag?post=643"}],"curies":[{"name":"wp","href":"https:\/\/api.w.org\/{rel}","templated":true}]}}