{"id":645,"date":"2023-06-23T14:22:45","date_gmt":"2023-06-23T12:22:45","guid":{"rendered":"https:\/\/galeriesalvador.com\/?post_type=product&#038;p=645"},"modified":"2023-11-03T11:28:42","modified_gmt":"2023-11-03T10:28:42","slug":"cope2-grind-hard","status":"publish","type":"product","link":"https:\/\/galeriesalvador.com\/fr\/produit\/cope2-grind-hard\/","title":{"rendered":"COPE2 &#8211; &#8220;Grind Hard&#8221;"},"content":{"rendered":"","protected":false},"excerpt":{"rendered":"<p>Technique Mixte sur toile (Acrylique, bombe a\u00e9rosol&#8230;)<\/p>\n<p>2019 &#8211; Sign\u00e9 dans l&#8217;Oeuvre<br \/>\n143 x 125 cm environ (non enchass\u00e9 \/ non encadr\u00e9) &#8211; Oeuvre Unique<\/p>\n<p>Livr\u00e9 en tube (roul\u00e9). Possibilit\u00e9 de livraison\/retrait Galerie encadr\u00e9 (oeuvre actuellement enchass\u00e9e\/encadr\u00e9e &#8220;caisse am\u00e9ricaine&#8221; noir mat &#8211; Dimensions encadr\u00e9 : 148 x 131 cm environ). N\u2019h\u00e9sitez pas \u00e0 nous contacter concernant les modalit\u00e9s de livraisons.<\/p>","protected":false},"featured_media":646,"template":"","meta":[],"product_brand":[],"product_cat":[86,93,70,73,74,75,77,72],"product_tag":[],"class_list":{"0":"post-645","1":"product","2":"type-product","3":"status-publish","4":"has-post-thumbnail","6":"product_cat-cope-2","7":"product_cat-deckart","8":"product_cat-artists","9":"product_cat-artworks","10":"product_cat-contemporary-art","11":"product_cat-graffiti","12":"product_cat-urban","13":"product_cat-past-shows","15":"first","16":"instock","17":"sold-individually","18":"taxable","19":"shipping-taxable","20":"purchasable","21":"product-type-simple"},"_links":{"self":[{"href":"https:\/\/galeriesalvador.com\/fr\/wp-json\/wp\/v2\/product\/645","targetHints":{"allow":["GET"]}}],"collection":[{"href":"https:\/\/galeriesalvador.com\/fr\/wp-json\/wp\/v2\/product"}],"about":[{"href":"https:\/\/galeriesalvador.com\/fr\/wp-json\/wp\/v2\/types\/product"}],"wp:featuredmedia":[{"embeddable":true,"href":"https:\/\/galeriesalvador.com\/fr\/wp-json\/wp\/v2\/media\/646"}],"wp:attachment":[{"href":"https:\/\/galeriesalvador.com\/fr\/wp-json\/wp\/v2\/media?parent=645"}],"wp:term":[{"taxonomy":"product_brand","embeddable":true,"href":"https:\/\/galeriesalvador.com\/fr\/wp-json\/wp\/v2\/product_brand?post=645"},{"taxonomy":"product_cat","embeddable":true,"href":"https:\/\/galeriesalvador.com\/fr\/wp-json\/wp\/v2\/product_cat?post=645"},{"taxonomy":"product_tag","embeddable":true,"href":"https:\/\/galeriesalvador.com\/fr\/wp-json\/wp\/v2\/product_tag?post=645"}],"curies":[{"name":"wp","href":"https:\/\/api.w.org\/{rel}","templated":true}]}}