{"id":647,"date":"2023-06-23T14:30:20","date_gmt":"2023-06-23T12:30:20","guid":{"rendered":"https:\/\/galeriesalvador.com\/?post_type=product&#038;p=647"},"modified":"2023-11-03T11:28:09","modified_gmt":"2023-11-03T10:28:09","slug":"cope2-world-famous-circle-bubble","status":"publish","type":"product","link":"https:\/\/galeriesalvador.com\/fr\/produit\/cope2-world-famous-circle-bubble\/","title":{"rendered":"COPE2 &#8211; &#8220;World Famous Circle Bubble&#8221;"},"content":{"rendered":"","protected":false},"excerpt":{"rendered":"<p>Technique Mixte sur toile ronde (Acrylique, bombe a\u00e9rosol&#8230;)<\/p>\n<p>2016 &#8211; Sign\u00e9 dans l&#8217;Oeuvre<br \/>\n125 cm diam\u00e8tre environ (non enchass\u00e9 \/ non encadr\u00e9) &#8211; Oeuvre Unique<\/p>\n<p>Livr\u00e9 en tube (roul\u00e9). Possibilit\u00e9 de retrait Galerie. N\u2019h\u00e9sitez pas \u00e0 nous contacter concernant les modalit\u00e9s de livraisons.<\/p>","protected":false},"featured_media":648,"template":"","meta":[],"product_brand":[],"product_cat":[86,93,70,73,74,75,77,72],"product_tag":[],"class_list":{"0":"post-647","1":"product","2":"type-product","3":"status-publish","4":"has-post-thumbnail","6":"product_cat-cope-2","7":"product_cat-deckart","8":"product_cat-artists","9":"product_cat-artworks","10":"product_cat-contemporary-art","11":"product_cat-graffiti","12":"product_cat-urban","13":"product_cat-past-shows","15":"first","16":"instock","17":"sold-individually","18":"taxable","19":"shipping-taxable","20":"purchasable","21":"product-type-simple"},"_links":{"self":[{"href":"https:\/\/galeriesalvador.com\/fr\/wp-json\/wp\/v2\/product\/647","targetHints":{"allow":["GET"]}}],"collection":[{"href":"https:\/\/galeriesalvador.com\/fr\/wp-json\/wp\/v2\/product"}],"about":[{"href":"https:\/\/galeriesalvador.com\/fr\/wp-json\/wp\/v2\/types\/product"}],"wp:featuredmedia":[{"embeddable":true,"href":"https:\/\/galeriesalvador.com\/fr\/wp-json\/wp\/v2\/media\/648"}],"wp:attachment":[{"href":"https:\/\/galeriesalvador.com\/fr\/wp-json\/wp\/v2\/media?parent=647"}],"wp:term":[{"taxonomy":"product_brand","embeddable":true,"href":"https:\/\/galeriesalvador.com\/fr\/wp-json\/wp\/v2\/product_brand?post=647"},{"taxonomy":"product_cat","embeddable":true,"href":"https:\/\/galeriesalvador.com\/fr\/wp-json\/wp\/v2\/product_cat?post=647"},{"taxonomy":"product_tag","embeddable":true,"href":"https:\/\/galeriesalvador.com\/fr\/wp-json\/wp\/v2\/product_tag?post=647"}],"curies":[{"name":"wp","href":"https:\/\/api.w.org\/{rel}","templated":true}]}}