{"id":655,"date":"2023-06-23T14:45:18","date_gmt":"2023-06-23T12:45:18","guid":{"rendered":"https:\/\/galeriesalvador.com\/?post_type=product&#038;p=655"},"modified":"2024-06-18T13:18:24","modified_gmt":"2024-06-18T11:18:24","slug":"sonic-bad-sonic-purple-space","status":"publish","type":"product","link":"https:\/\/galeriesalvador.com\/fr\/produit\/sonic-bad-sonic-purple-space\/","title":{"rendered":"SONIC BAD &#8211; &#8220;Sonic Purple Space&#8221;"},"content":{"rendered":"","protected":false},"excerpt":{"rendered":"<p>Technique Mixte sur toile (Acrylique, bombe a\u00e9rosol&#8230;)<\/p>\n<p>2016 &#8211; Sign\u00e9 dans l&#8217;Oeuvre + dos<br \/>\n117 x 110 cm environ (encadr\u00e9 : 123 x 116 cm environ) &#8211; Oeuvre Unique<\/p>\n<p>Encadr\u00e9 &#8220;caisse am\u00e9ricaine&#8221; noir mat<\/p>\n<p>Livr\u00e9 en tube (roul\u00e9) ou encadr\u00e9. Possibilit\u00e9 de livraison\/retrait Galerie. N\u2019h\u00e9sitez pas \u00e0 nous contacter concernant les modalit\u00e9s de livraisons.<\/p>\n<p>Photos compl\u00e9mentaires sur demande.<\/p>","protected":false},"featured_media":903,"template":"","meta":[],"product_brand":[],"product_cat":[130,97,70,73,74,75,77,72],"product_tag":[],"class_list":{"0":"post-655","1":"product","2":"type-product","3":"status-publish","4":"has-post-thumbnail","6":"product_cat-nyc-legends","7":"product_cat-sonic-bad","8":"product_cat-artists","9":"product_cat-artworks","10":"product_cat-contemporary-art","11":"product_cat-graffiti","12":"product_cat-urban","13":"product_cat-past-shows","15":"first","16":"instock","17":"sold-individually","18":"taxable","19":"shipping-taxable","20":"purchasable","21":"product-type-simple"},"_links":{"self":[{"href":"https:\/\/galeriesalvador.com\/fr\/wp-json\/wp\/v2\/product\/655","targetHints":{"allow":["GET"]}}],"collection":[{"href":"https:\/\/galeriesalvador.com\/fr\/wp-json\/wp\/v2\/product"}],"about":[{"href":"https:\/\/galeriesalvador.com\/fr\/wp-json\/wp\/v2\/types\/product"}],"wp:featuredmedia":[{"embeddable":true,"href":"https:\/\/galeriesalvador.com\/fr\/wp-json\/wp\/v2\/media\/903"}],"wp:attachment":[{"href":"https:\/\/galeriesalvador.com\/fr\/wp-json\/wp\/v2\/media?parent=655"}],"wp:term":[{"taxonomy":"product_brand","embeddable":true,"href":"https:\/\/galeriesalvador.com\/fr\/wp-json\/wp\/v2\/product_brand?post=655"},{"taxonomy":"product_cat","embeddable":true,"href":"https:\/\/galeriesalvador.com\/fr\/wp-json\/wp\/v2\/product_cat?post=655"},{"taxonomy":"product_tag","embeddable":true,"href":"https:\/\/galeriesalvador.com\/fr\/wp-json\/wp\/v2\/product_tag?post=655"}],"curies":[{"name":"wp","href":"https:\/\/api.w.org\/{rel}","templated":true}]}}