{"id":659,"date":"2023-06-24T11:11:33","date_gmt":"2023-06-24T09:11:33","guid":{"rendered":"https:\/\/galeriesalvador.com\/?post_type=product&#038;p=659"},"modified":"2023-11-03T11:25:59","modified_gmt":"2023-11-03T10:25:59","slug":"erro-picasso-panorama","status":"publish","type":"product","link":"https:\/\/galeriesalvador.com\/fr\/produit\/erro-picasso-panorama\/","title":{"rendered":"ERRO &#8211; &#8220;Picasso Panorama&#8221;"},"content":{"rendered":"","protected":false},"excerpt":{"rendered":"<p>Digigraphie (Epson) en couleurs sur papier fort<br \/>\n73,5 x 55 cm &#8211; Tirage limit\u00e9 \u00e0 30 exemplaires num\u00e9rot\u00e9s<br \/>\n2015 &#8211; Sign\u00e9 \/ dat\u00e9 \/ num\u00e9rot\u00e9 \/30 en bas par l&#8217;Artiste<\/p>\n<p>Livr\u00e9 en tube (roul\u00e9). Possibilit\u00e9 de livraison\/retrait Galerie encadr\u00e9. N\u2019h\u00e9sitez pas \u00e0 nous contacter concernant les modalit\u00e9s de livraisons.<\/p>\n<p>Photos compl\u00e9mentaires sur demande.<\/p>","protected":false},"featured_media":660,"template":"","meta":[],"product_brand":[],"product_cat":[111,70,73,74,80],"product_tag":[],"class_list":{"0":"post-659","1":"product","2":"type-product","3":"status-publish","4":"has-post-thumbnail","6":"product_cat-erro","7":"product_cat-artists","8":"product_cat-artworks","9":"product_cat-contemporary-art","10":"product_cat-pop-art","12":"first","13":"instock","14":"sold-individually","15":"taxable","16":"shipping-taxable","17":"purchasable","18":"product-type-simple"},"_links":{"self":[{"href":"https:\/\/galeriesalvador.com\/fr\/wp-json\/wp\/v2\/product\/659","targetHints":{"allow":["GET"]}}],"collection":[{"href":"https:\/\/galeriesalvador.com\/fr\/wp-json\/wp\/v2\/product"}],"about":[{"href":"https:\/\/galeriesalvador.com\/fr\/wp-json\/wp\/v2\/types\/product"}],"wp:featuredmedia":[{"embeddable":true,"href":"https:\/\/galeriesalvador.com\/fr\/wp-json\/wp\/v2\/media\/660"}],"wp:attachment":[{"href":"https:\/\/galeriesalvador.com\/fr\/wp-json\/wp\/v2\/media?parent=659"}],"wp:term":[{"taxonomy":"product_brand","embeddable":true,"href":"https:\/\/galeriesalvador.com\/fr\/wp-json\/wp\/v2\/product_brand?post=659"},{"taxonomy":"product_cat","embeddable":true,"href":"https:\/\/galeriesalvador.com\/fr\/wp-json\/wp\/v2\/product_cat?post=659"},{"taxonomy":"product_tag","embeddable":true,"href":"https:\/\/galeriesalvador.com\/fr\/wp-json\/wp\/v2\/product_tag?post=659"}],"curies":[{"name":"wp","href":"https:\/\/api.w.org\/{rel}","templated":true}]}}