{"id":664,"date":"2023-06-24T11:24:11","date_gmt":"2023-06-24T09:24:11","guid":{"rendered":"https:\/\/galeriesalvador.com\/?post_type=product&#038;p=664"},"modified":"2024-01-04T18:07:09","modified_gmt":"2024-01-04T17:07:09","slug":"charles-fazzino-monopoly-world-edition-silver-deluxe-edition","status":"publish","type":"product","link":"https:\/\/galeriesalvador.com\/fr\/produit\/charles-fazzino-monopoly-world-edition-silver-deluxe-edition\/","title":{"rendered":"Charles FAZZINO &#8211; &#8220;Monopoly World Edition &#8211; Silver&#8221; Deluxe Edition"},"content":{"rendered":"","protected":false},"excerpt":{"rendered":"<p>Technique Mixte 3D &#8211; V\u00e9ritable jeu de Monopoly avec tous ses accessoires<br \/>\n60 x 60 x 6,5 cm &#8211; N\u00b0 \/250 &#8211; Edition \u201cSilver\u201d (Deluxe)<br \/>\n2018 &#8211; Num\u00e9rot\u00e9 \/ Sign\u00e9 \u00e0 la main par l\u2019Artiste dans le jeu<br \/>\nTr\u00e8s bon \u00e9tat (l\u00e9g\u00e8re d\u00e9coloration partielle &#8211; &#8220;faded&#8221;) &#8211; Coffret d\u2019origine neuf<br \/>\nPhotos compl\u00e9mentaires sur demande.<\/p>","protected":false},"featured_media":665,"template":"","meta":[],"product_brand":[],"product_cat":[93,104,70,73,74,80,72],"product_tag":[],"class_list":{"0":"post-664","1":"product","2":"type-product","3":"status-publish","4":"has-post-thumbnail","6":"product_cat-deckart","7":"product_cat-fazzino-charles","8":"product_cat-artists","9":"product_cat-artworks","10":"product_cat-contemporary-art","11":"product_cat-pop-art","12":"product_cat-past-shows","14":"first","15":"outofstock","16":"sold-individually","17":"taxable","18":"shipping-taxable","19":"purchasable","20":"product-type-simple"},"_links":{"self":[{"href":"https:\/\/galeriesalvador.com\/fr\/wp-json\/wp\/v2\/product\/664","targetHints":{"allow":["GET"]}}],"collection":[{"href":"https:\/\/galeriesalvador.com\/fr\/wp-json\/wp\/v2\/product"}],"about":[{"href":"https:\/\/galeriesalvador.com\/fr\/wp-json\/wp\/v2\/types\/product"}],"wp:featuredmedia":[{"embeddable":true,"href":"https:\/\/galeriesalvador.com\/fr\/wp-json\/wp\/v2\/media\/665"}],"wp:attachment":[{"href":"https:\/\/galeriesalvador.com\/fr\/wp-json\/wp\/v2\/media?parent=664"}],"wp:term":[{"taxonomy":"product_brand","embeddable":true,"href":"https:\/\/galeriesalvador.com\/fr\/wp-json\/wp\/v2\/product_brand?post=664"},{"taxonomy":"product_cat","embeddable":true,"href":"https:\/\/galeriesalvador.com\/fr\/wp-json\/wp\/v2\/product_cat?post=664"},{"taxonomy":"product_tag","embeddable":true,"href":"https:\/\/galeriesalvador.com\/fr\/wp-json\/wp\/v2\/product_tag?post=664"}],"curies":[{"name":"wp","href":"https:\/\/api.w.org\/{rel}","templated":true}]}}