{"id":673,"date":"2023-06-24T11:43:40","date_gmt":"2023-06-24T09:43:40","guid":{"rendered":"https:\/\/galeriesalvador.com\/?post_type=product&#038;p=673"},"modified":"2023-11-03T11:22:22","modified_gmt":"2023-11-03T10:22:22","slug":"madsaki-white-flags-2p","status":"publish","type":"product","link":"https:\/\/galeriesalvador.com\/fr\/produit\/madsaki-white-flags-2p\/","title":{"rendered":"MADSAKI &#8211; &#8220;White Flags 2P&#8221;"},"content":{"rendered":"","protected":false},"excerpt":{"rendered":"<p>Lithographie Offset sur papier fort (finition nacr\u00e9e).<br \/>\n50 x 77 cm &#8211; Tirage limit\u00e9 \u00e0 300 exemplaires num\u00e9rot\u00e9s<br \/>\n2018 &#8211; Sign\u00e9 \/ num\u00e9rot\u00e9 en bas \u00e0 droite \/300.<\/p>\n<p>Livr\u00e9 en tube (roul\u00e9). Possibilit\u00e9 de livraison\/retrait Galerie encadr\u00e9 (oeuvre actuellement encadr\u00e9e verre mus\u00e9e anti-uv \/ anti reflet). N\u2019h\u00e9sitez pas \u00e0 nous contacter concernant les modalit\u00e9s de livraisons.<\/p>\n<p>Photos compl\u00e9mentaires sur demande.<\/p>","protected":false},"featured_media":674,"template":"","meta":[],"product_brand":[],"product_cat":[113,70,73,74,75,80,77],"product_tag":[],"class_list":{"0":"post-673","1":"product","2":"type-product","3":"status-publish","4":"has-post-thumbnail","6":"product_cat-madsaki","7":"product_cat-artists","8":"product_cat-artworks","9":"product_cat-contemporary-art","10":"product_cat-graffiti","11":"product_cat-pop-art","12":"product_cat-urban","14":"first","15":"instock","16":"sold-individually","17":"taxable","18":"shipping-taxable","19":"purchasable","20":"product-type-simple"},"_links":{"self":[{"href":"https:\/\/galeriesalvador.com\/fr\/wp-json\/wp\/v2\/product\/673","targetHints":{"allow":["GET"]}}],"collection":[{"href":"https:\/\/galeriesalvador.com\/fr\/wp-json\/wp\/v2\/product"}],"about":[{"href":"https:\/\/galeriesalvador.com\/fr\/wp-json\/wp\/v2\/types\/product"}],"wp:featuredmedia":[{"embeddable":true,"href":"https:\/\/galeriesalvador.com\/fr\/wp-json\/wp\/v2\/media\/674"}],"wp:attachment":[{"href":"https:\/\/galeriesalvador.com\/fr\/wp-json\/wp\/v2\/media?parent=673"}],"wp:term":[{"taxonomy":"product_brand","embeddable":true,"href":"https:\/\/galeriesalvador.com\/fr\/wp-json\/wp\/v2\/product_brand?post=673"},{"taxonomy":"product_cat","embeddable":true,"href":"https:\/\/galeriesalvador.com\/fr\/wp-json\/wp\/v2\/product_cat?post=673"},{"taxonomy":"product_tag","embeddable":true,"href":"https:\/\/galeriesalvador.com\/fr\/wp-json\/wp\/v2\/product_tag?post=673"}],"curies":[{"name":"wp","href":"https:\/\/api.w.org\/{rel}","templated":true}]}}