{"id":675,"date":"2023-06-24T11:47:57","date_gmt":"2023-06-24T09:47:57","guid":{"rendered":"https:\/\/galeriesalvador.com\/?post_type=product&#038;p=675"},"modified":"2025-10-24T14:11:58","modified_gmt":"2025-10-24T12:11:58","slug":"shepard-fairey-end-corruption-legal-bribery-2019","status":"publish","type":"product","link":"https:\/\/galeriesalvador.com\/fr\/produit\/shepard-fairey-end-corruption-legal-bribery-2019\/","title":{"rendered":"Shepard FAIREY &#8211; &#8220;End Corruption &#8211; Legal Bribery&#8221; 2019"},"content":{"rendered":"","protected":false},"excerpt":{"rendered":"<p>S\u00e9rigraphie sur papier \u201cSpeckle Tone Cream\u201d fait main \u201cDeckle Edge\u201d<\/p>\n<p>(Release 13 Juin 2019)<\/p>\n<p>76 x 105 cm environ<br \/>\nSign\u00e9 \/ Dat\u00e9 2019 main par Shepard FAIREY &#8211; Num\u00e9rot\u00e9 \/89 (rare tirage \/89 uniquement).<\/p>\n<p>Livr\u00e9 en tube (roul\u00e9). Possibilit\u00e9 de livraison\/retrait Galerie encadr\u00e9 (oeuvre actuellement encadr\u00e9e). N\u2019h\u00e9sitez pas \u00e0 nous contacter concernant les modalit\u00e9s de livraisons.<\/p>\n<p>Photos compl\u00e9mentaires sur demande.<\/p>","protected":false},"featured_media":676,"template":"","meta":[],"product_brand":[],"product_cat":[83,151,70,73,74,75,77,72],"product_tag":[],"class_list":{"0":"post-675","1":"product","2":"type-product","3":"status-publish","4":"has-post-thumbnail","6":"product_cat-obey","7":"product_cat-obey-2025","8":"product_cat-artists","9":"product_cat-artworks","10":"product_cat-contemporary-art","11":"product_cat-graffiti","12":"product_cat-urban","13":"product_cat-past-shows","15":"first","16":"outofstock","17":"sold-individually","18":"taxable","19":"shipping-taxable","20":"purchasable","21":"product-type-simple"},"_links":{"self":[{"href":"https:\/\/galeriesalvador.com\/fr\/wp-json\/wp\/v2\/product\/675","targetHints":{"allow":["GET"]}}],"collection":[{"href":"https:\/\/galeriesalvador.com\/fr\/wp-json\/wp\/v2\/product"}],"about":[{"href":"https:\/\/galeriesalvador.com\/fr\/wp-json\/wp\/v2\/types\/product"}],"wp:featuredmedia":[{"embeddable":true,"href":"https:\/\/galeriesalvador.com\/fr\/wp-json\/wp\/v2\/media\/676"}],"wp:attachment":[{"href":"https:\/\/galeriesalvador.com\/fr\/wp-json\/wp\/v2\/media?parent=675"}],"wp:term":[{"taxonomy":"product_brand","embeddable":true,"href":"https:\/\/galeriesalvador.com\/fr\/wp-json\/wp\/v2\/product_brand?post=675"},{"taxonomy":"product_cat","embeddable":true,"href":"https:\/\/galeriesalvador.com\/fr\/wp-json\/wp\/v2\/product_cat?post=675"},{"taxonomy":"product_tag","embeddable":true,"href":"https:\/\/galeriesalvador.com\/fr\/wp-json\/wp\/v2\/product_tag?post=675"}],"curies":[{"name":"wp","href":"https:\/\/api.w.org\/{rel}","templated":true}]}}