{"id":682,"date":"2023-06-24T12:13:25","date_gmt":"2023-06-24T10:13:25","guid":{"rendered":"https:\/\/galeriesalvador.com\/?post_type=product&#038;p=682"},"modified":"2023-11-03T11:19:39","modified_gmt":"2023-11-03T10:19:39","slug":"cleon-peterson-stare-into-the-sun-black-gold-variant","status":"publish","type":"product","link":"https:\/\/galeriesalvador.com\/fr\/produit\/cleon-peterson-stare-into-the-sun-black-gold-variant\/","title":{"rendered":"CLEON PETERSON &#8211; &#8220;Stare Into The Sun&#8221; (Black &#038; Gold Variant)"},"content":{"rendered":"","protected":false},"excerpt":{"rendered":"<p>S\u00e9rigraphie sur papier d\u2019Arches<br \/>\n56 x 122 cm &#8211; Num\u00e9rot\u00e9e \/75<br \/>\n2019 &#8211; Sign\u00e9 \/ dat\u00e9 \/ num\u00e9rot\u00e9 en bas par CLEON PETERSON.<\/p>\n<p>Livr\u00e9 en tube (roul\u00e9). Possibilit\u00e9 de livraison\/retrait Galerie encadr\u00e9 (oeuvre actuellement encadr\u00e9e). N\u2019h\u00e9sitez pas \u00e0 nous contacter concernant les modalit\u00e9s de livraisons.<\/p>\n<p>Photos compl\u00e9mentaires sur demande.<\/p>","protected":false},"featured_media":683,"template":"","meta":[],"product_brand":[],"product_cat":[114,70,73,74,75,77,72,76],"product_tag":[],"class_list":{"0":"post-682","1":"product","2":"type-product","3":"status-publish","4":"has-post-thumbnail","6":"product_cat-cleon-peterson","7":"product_cat-artists","8":"product_cat-artworks","9":"product_cat-contemporary-art","10":"product_cat-graffiti","11":"product_cat-urban","12":"product_cat-past-shows","13":"product_cat-americanvas","15":"first","16":"instock","17":"sold-individually","18":"taxable","19":"shipping-taxable","20":"purchasable","21":"product-type-simple"},"_links":{"self":[{"href":"https:\/\/galeriesalvador.com\/fr\/wp-json\/wp\/v2\/product\/682","targetHints":{"allow":["GET"]}}],"collection":[{"href":"https:\/\/galeriesalvador.com\/fr\/wp-json\/wp\/v2\/product"}],"about":[{"href":"https:\/\/galeriesalvador.com\/fr\/wp-json\/wp\/v2\/types\/product"}],"wp:featuredmedia":[{"embeddable":true,"href":"https:\/\/galeriesalvador.com\/fr\/wp-json\/wp\/v2\/media\/683"}],"wp:attachment":[{"href":"https:\/\/galeriesalvador.com\/fr\/wp-json\/wp\/v2\/media?parent=682"}],"wp:term":[{"taxonomy":"product_brand","embeddable":true,"href":"https:\/\/galeriesalvador.com\/fr\/wp-json\/wp\/v2\/product_brand?post=682"},{"taxonomy":"product_cat","embeddable":true,"href":"https:\/\/galeriesalvador.com\/fr\/wp-json\/wp\/v2\/product_cat?post=682"},{"taxonomy":"product_tag","embeddable":true,"href":"https:\/\/galeriesalvador.com\/fr\/wp-json\/wp\/v2\/product_tag?post=682"}],"curies":[{"name":"wp","href":"https:\/\/api.w.org\/{rel}","templated":true}]}}