{"id":685,"date":"2023-06-24T12:20:03","date_gmt":"2023-06-24T10:20:03","guid":{"rendered":"https:\/\/galeriesalvador.com\/?post_type=product&#038;p=685"},"modified":"2023-11-03T11:19:11","modified_gmt":"2023-11-03T10:19:11","slug":"niels-shoe-trip-to-puerto-rico-2018","status":"publish","type":"product","link":"https:\/\/galeriesalvador.com\/fr\/produit\/niels-shoe-trip-to-puerto-rico-2018\/","title":{"rendered":"Niels SHOE &#8211; &#8220;Trip to Puerto Rico&#8221; 2018"},"content":{"rendered":"","protected":false},"excerpt":{"rendered":"<p>S\u00e9rigraphie couleurs sur papier coton Somerset 300grm<br \/>\n50 x 70 cm &#8211; Tirage limit\u00e9 \u00e0 50 exemplaires num\u00e9rot\u00e9s<br \/>\n2018 &#8211; Sign\u00e9 \/ num\u00e9rot\u00e9 en bas par l&#8217;Artiste.<\/p>\n<p>Livr\u00e9 en tube (roul\u00e9).<\/p>","protected":false},"featured_media":684,"template":"","meta":[],"product_brand":[],"product_cat":[115,70,73,74,75,77],"product_tag":[],"class_list":{"0":"post-685","1":"product","2":"type-product","3":"status-publish","4":"has-post-thumbnail","6":"product_cat-shoe","7":"product_cat-artists","8":"product_cat-artworks","9":"product_cat-contemporary-art","10":"product_cat-graffiti","11":"product_cat-urban","13":"first","14":"instock","15":"sold-individually","16":"taxable","17":"shipping-taxable","18":"purchasable","19":"product-type-simple"},"_links":{"self":[{"href":"https:\/\/galeriesalvador.com\/fr\/wp-json\/wp\/v2\/product\/685","targetHints":{"allow":["GET"]}}],"collection":[{"href":"https:\/\/galeriesalvador.com\/fr\/wp-json\/wp\/v2\/product"}],"about":[{"href":"https:\/\/galeriesalvador.com\/fr\/wp-json\/wp\/v2\/types\/product"}],"wp:featuredmedia":[{"embeddable":true,"href":"https:\/\/galeriesalvador.com\/fr\/wp-json\/wp\/v2\/media\/684"}],"wp:attachment":[{"href":"https:\/\/galeriesalvador.com\/fr\/wp-json\/wp\/v2\/media?parent=685"}],"wp:term":[{"taxonomy":"product_brand","embeddable":true,"href":"https:\/\/galeriesalvador.com\/fr\/wp-json\/wp\/v2\/product_brand?post=685"},{"taxonomy":"product_cat","embeddable":true,"href":"https:\/\/galeriesalvador.com\/fr\/wp-json\/wp\/v2\/product_cat?post=685"},{"taxonomy":"product_tag","embeddable":true,"href":"https:\/\/galeriesalvador.com\/fr\/wp-json\/wp\/v2\/product_tag?post=685"}],"curies":[{"name":"wp","href":"https:\/\/api.w.org\/{rel}","templated":true}]}}