{"id":687,"date":"2023-06-24T12:24:56","date_gmt":"2023-06-24T10:24:56","guid":{"rendered":"https:\/\/galeriesalvador.com\/?post_type=product&#038;p=687"},"modified":"2024-06-18T13:15:43","modified_gmt":"2024-06-18T11:15:43","slug":"daze-interior-of-an-ind-subway-car","status":"publish","type":"product","link":"https:\/\/galeriesalvador.com\/fr\/produit\/daze-interior-of-an-ind-subway-car\/","title":{"rendered":"DAZE &#8211; &#8220;Interior of an IND Subway Car&#8221;"},"content":{"rendered":"","protected":false},"excerpt":{"rendered":"<p>Technique mixte sur papier fort (aquarelle, feutre, crayon&#8230;)<br \/>\n114 x 77 cm (45 x 30,5 in.) &#8211; Oeuvre unique<br \/>\n2017 &#8211; Sign\u00e9 \/ dat\u00e9 en haut \u00e0 gauche<br \/>\nEncadr\u00e9 plexiglas.<\/p>\n<p>Possibilit\u00e9 de livraison\/retrait Galerie en tube roul\u00e9 ou encadr\u00e9 (oeuvre actuellement encadr\u00e9e plexiglas). N&#8217;h\u00e9sitez pas \u00e0 nous contacter concernant les modalit\u00e9s de livraisons.<\/p>\n<p>Photos compl\u00e9mentaires sur demande.<\/p>","protected":false},"featured_media":688,"template":"","meta":[],"product_brand":[],"product_cat":[95,130,70,73,74,75,77,72,76],"product_tag":[],"class_list":{"0":"post-687","1":"product","2":"type-product","3":"status-publish","4":"has-post-thumbnail","6":"product_cat-daze","7":"product_cat-nyc-legends","8":"product_cat-artists","9":"product_cat-artworks","10":"product_cat-contemporary-art","11":"product_cat-graffiti","12":"product_cat-urban","13":"product_cat-past-shows","14":"product_cat-americanvas","16":"first","17":"instock","18":"sold-individually","19":"taxable","20":"shipping-taxable","21":"purchasable","22":"product-type-simple"},"_links":{"self":[{"href":"https:\/\/galeriesalvador.com\/fr\/wp-json\/wp\/v2\/product\/687","targetHints":{"allow":["GET"]}}],"collection":[{"href":"https:\/\/galeriesalvador.com\/fr\/wp-json\/wp\/v2\/product"}],"about":[{"href":"https:\/\/galeriesalvador.com\/fr\/wp-json\/wp\/v2\/types\/product"}],"wp:featuredmedia":[{"embeddable":true,"href":"https:\/\/galeriesalvador.com\/fr\/wp-json\/wp\/v2\/media\/688"}],"wp:attachment":[{"href":"https:\/\/galeriesalvador.com\/fr\/wp-json\/wp\/v2\/media?parent=687"}],"wp:term":[{"taxonomy":"product_brand","embeddable":true,"href":"https:\/\/galeriesalvador.com\/fr\/wp-json\/wp\/v2\/product_brand?post=687"},{"taxonomy":"product_cat","embeddable":true,"href":"https:\/\/galeriesalvador.com\/fr\/wp-json\/wp\/v2\/product_cat?post=687"},{"taxonomy":"product_tag","embeddable":true,"href":"https:\/\/galeriesalvador.com\/fr\/wp-json\/wp\/v2\/product_tag?post=687"}],"curies":[{"name":"wp","href":"https:\/\/api.w.org\/{rel}","templated":true}]}}