{"id":702,"date":"2023-06-25T11:12:27","date_gmt":"2023-06-25T09:12:27","guid":{"rendered":"https:\/\/galeriesalvador.com\/?post_type=product&#038;p=702"},"modified":"2023-11-03T11:14:16","modified_gmt":"2023-11-03T10:14:16","slug":"swoon-dawn-and-gemma-2014","status":"publish","type":"product","link":"https:\/\/galeriesalvador.com\/fr\/produit\/swoon-dawn-and-gemma-2014\/","title":{"rendered":"SWOON &#8211; &#8220;Dawn and Gemma&#8221; 2014"},"content":{"rendered":"","protected":false},"excerpt":{"rendered":"<p>S\u00e9rigraphie sur papier fait main &#8220;Coventry Rag&#8221; 310gsm (&#8220;Deckle Edge&#8221;)<br \/>\n81,3 x 81,3 cm &#8211; Tirage limit\u00e9 num\u00e9rot\u00e9 \/300<br \/>\n2014 &#8211; Sign\u00e9 main par l&#8217;Artiste &#8211; Num\u00e9rot\u00e9 \/ 300 (bas)<br \/>\nLivr\u00e9 en tube (roul\u00e9).<\/p>","protected":false},"featured_media":701,"template":"","meta":[],"product_brand":[],"product_cat":[117,70,73,74,75,77],"product_tag":[],"class_list":{"0":"post-702","1":"product","2":"type-product","3":"status-publish","4":"has-post-thumbnail","6":"product_cat-swoon","7":"product_cat-artists","8":"product_cat-artworks","9":"product_cat-contemporary-art","10":"product_cat-graffiti","11":"product_cat-urban","13":"first","14":"instock","15":"sold-individually","16":"taxable","17":"shipping-taxable","18":"purchasable","19":"product-type-simple"},"_links":{"self":[{"href":"https:\/\/galeriesalvador.com\/fr\/wp-json\/wp\/v2\/product\/702","targetHints":{"allow":["GET"]}}],"collection":[{"href":"https:\/\/galeriesalvador.com\/fr\/wp-json\/wp\/v2\/product"}],"about":[{"href":"https:\/\/galeriesalvador.com\/fr\/wp-json\/wp\/v2\/types\/product"}],"wp:featuredmedia":[{"embeddable":true,"href":"https:\/\/galeriesalvador.com\/fr\/wp-json\/wp\/v2\/media\/701"}],"wp:attachment":[{"href":"https:\/\/galeriesalvador.com\/fr\/wp-json\/wp\/v2\/media?parent=702"}],"wp:term":[{"taxonomy":"product_brand","embeddable":true,"href":"https:\/\/galeriesalvador.com\/fr\/wp-json\/wp\/v2\/product_brand?post=702"},{"taxonomy":"product_cat","embeddable":true,"href":"https:\/\/galeriesalvador.com\/fr\/wp-json\/wp\/v2\/product_cat?post=702"},{"taxonomy":"product_tag","embeddable":true,"href":"https:\/\/galeriesalvador.com\/fr\/wp-json\/wp\/v2\/product_tag?post=702"}],"curies":[{"name":"wp","href":"https:\/\/api.w.org\/{rel}","templated":true}]}}