{"id":705,"date":"2023-06-25T11:32:29","date_gmt":"2023-06-25T09:32:29","guid":{"rendered":"https:\/\/galeriesalvador.com\/?post_type=product&#038;p=705"},"modified":"2023-11-03T11:11:39","modified_gmt":"2023-11-03T10:11:39","slug":"tkid-nyc-cheeba-cru-dust-patrol","status":"publish","type":"product","link":"https:\/\/galeriesalvador.com\/fr\/produit\/tkid-nyc-cheeba-cru-dust-patrol\/","title":{"rendered":"TKID &#8211; &#8220;NYC Cheeba Cru&#8230; Dust Patrol !&#8221;"},"content":{"rendered":"","protected":false},"excerpt":{"rendered":"<p>Technique Mixte sur toile (Acrylique, bombe a\u00e9rosol&#8230;)<\/p>\n<p>Circa 2010 &#8211; Sign\u00e9 dans l&#8217;Oeuvre + dos<br \/>\n50,8 x 40,6 cm environ (non encadr\u00e9) &#8211; Oeuvre Unique<\/p>\n<p>Possibilit\u00e9 de livraison\/retrait Galerie (oeuvre actuellement sur chassis bois non encadr\u00e9e). N\u2019h\u00e9sitez pas \u00e0 nous contacter concernant les modalit\u00e9s de livraisons.<\/p>\n<p>Photos compl\u00e9mentaires sur demande.<\/p>","protected":false},"featured_media":706,"template":"","meta":[],"product_brand":[],"product_cat":[118,70,73,74,75,77,72,76],"product_tag":[],"class_list":{"0":"post-705","1":"product","2":"type-product","3":"status-publish","4":"has-post-thumbnail","6":"product_cat-tkid","7":"product_cat-artists","8":"product_cat-artworks","9":"product_cat-contemporary-art","10":"product_cat-graffiti","11":"product_cat-urban","12":"product_cat-past-shows","13":"product_cat-americanvas","15":"first","16":"instock","17":"sold-individually","18":"taxable","19":"shipping-taxable","20":"purchasable","21":"product-type-simple"},"_links":{"self":[{"href":"https:\/\/galeriesalvador.com\/fr\/wp-json\/wp\/v2\/product\/705","targetHints":{"allow":["GET"]}}],"collection":[{"href":"https:\/\/galeriesalvador.com\/fr\/wp-json\/wp\/v2\/product"}],"about":[{"href":"https:\/\/galeriesalvador.com\/fr\/wp-json\/wp\/v2\/types\/product"}],"wp:featuredmedia":[{"embeddable":true,"href":"https:\/\/galeriesalvador.com\/fr\/wp-json\/wp\/v2\/media\/706"}],"wp:attachment":[{"href":"https:\/\/galeriesalvador.com\/fr\/wp-json\/wp\/v2\/media?parent=705"}],"wp:term":[{"taxonomy":"product_brand","embeddable":true,"href":"https:\/\/galeriesalvador.com\/fr\/wp-json\/wp\/v2\/product_brand?post=705"},{"taxonomy":"product_cat","embeddable":true,"href":"https:\/\/galeriesalvador.com\/fr\/wp-json\/wp\/v2\/product_cat?post=705"},{"taxonomy":"product_tag","embeddable":true,"href":"https:\/\/galeriesalvador.com\/fr\/wp-json\/wp\/v2\/product_tag?post=705"}],"curies":[{"name":"wp","href":"https:\/\/api.w.org\/{rel}","templated":true}]}}