{"id":711,"date":"2023-06-25T11:49:53","date_gmt":"2023-06-25T09:49:53","guid":{"rendered":"https:\/\/galeriesalvador.com\/?post_type=product&#038;p=711"},"modified":"2023-11-03T11:08:54","modified_gmt":"2023-11-03T10:08:54","slug":"revolt-miss-subway-nyc-map-2012","status":"publish","type":"product","link":"https:\/\/galeriesalvador.com\/fr\/produit\/revolt-miss-subway-nyc-map-2012\/","title":{"rendered":"REVOLT &#8211; &#8220;Miss Subway NYC Map&#8221; 2012"},"content":{"rendered":"","protected":false},"excerpt":{"rendered":"<p>Technique Mixte sur v\u00e9ritable plan M\u00e9tro de New-York &#8220;MTA NYC Subway&#8221; (Acrylique, bombe a\u00e9rosol, feutre&#8230;)<\/p>\n<p>2012 &#8211; Sign\u00e9 dans l&#8217;Oeuvre + dos<br \/>\n82,6 x 58,4 cm environ (non encadr\u00e9) &#8211; Oeuvre Unique<\/p>\n<p>Livraison en tube (roul\u00e9) ou \u00e0 plat (plan repli\u00e9).<\/p>","protected":false},"featured_media":712,"template":"","meta":[],"product_brand":[],"product_cat":[119,70,73,74,75,77,72,76],"product_tag":[],"class_list":{"0":"post-711","1":"product","2":"type-product","3":"status-publish","4":"has-post-thumbnail","6":"product_cat-revolt","7":"product_cat-artists","8":"product_cat-artworks","9":"product_cat-contemporary-art","10":"product_cat-graffiti","11":"product_cat-urban","12":"product_cat-past-shows","13":"product_cat-americanvas","15":"first","16":"instock","17":"sold-individually","18":"taxable","19":"shipping-taxable","20":"purchasable","21":"product-type-simple"},"_links":{"self":[{"href":"https:\/\/galeriesalvador.com\/fr\/wp-json\/wp\/v2\/product\/711","targetHints":{"allow":["GET"]}}],"collection":[{"href":"https:\/\/galeriesalvador.com\/fr\/wp-json\/wp\/v2\/product"}],"about":[{"href":"https:\/\/galeriesalvador.com\/fr\/wp-json\/wp\/v2\/types\/product"}],"wp:featuredmedia":[{"embeddable":true,"href":"https:\/\/galeriesalvador.com\/fr\/wp-json\/wp\/v2\/media\/712"}],"wp:attachment":[{"href":"https:\/\/galeriesalvador.com\/fr\/wp-json\/wp\/v2\/media?parent=711"}],"wp:term":[{"taxonomy":"product_brand","embeddable":true,"href":"https:\/\/galeriesalvador.com\/fr\/wp-json\/wp\/v2\/product_brand?post=711"},{"taxonomy":"product_cat","embeddable":true,"href":"https:\/\/galeriesalvador.com\/fr\/wp-json\/wp\/v2\/product_cat?post=711"},{"taxonomy":"product_tag","embeddable":true,"href":"https:\/\/galeriesalvador.com\/fr\/wp-json\/wp\/v2\/product_tag?post=711"}],"curies":[{"name":"wp","href":"https:\/\/api.w.org\/{rel}","templated":true}]}}