{"id":782,"date":"2023-11-03T14:50:47","date_gmt":"2023-11-03T13:50:47","guid":{"rendered":"https:\/\/galeriesalvador.com\/?post_type=product&#038;p=782"},"modified":"2024-03-21T11:44:22","modified_gmt":"2024-03-21T10:44:22","slug":"sylvia-karle-marquet-proselytisme","status":"publish","type":"product","link":"https:\/\/galeriesalvador.com\/fr\/produit\/sylvia-karle-marquet-proselytisme\/","title":{"rendered":"Sylvia KARLE-MARQUET &#8211; \u201cPros\u00e9lytisme&#8221;"},"content":{"rendered":"","protected":false},"excerpt":{"rendered":"<p>Huile sur Toile<br \/>\n61 x 38 cm (74 x 51 cm encadr\u00e9) &#8211; Oeuvre unique<br \/>\n2005 (circa) &#8211; Sign\u00e9 \/ titr\u00e9 par l&#8217;Artiste en bas \u00e0 gauche (+ dos)<\/p>\n<p>Encadr\u00e9 (possibilit\u00e9 de d\u00e9cadrer l\u2019Oeuvre pour exp\u00e9dition).<\/p>\n<p>Photos compl\u00e9mentaires sur demande.<\/p>","protected":false},"featured_media":783,"template":"","meta":[],"product_brand":[],"product_cat":[121,122,70,73,74],"product_tag":[],"class_list":{"0":"post-782","1":"product","2":"type-product","3":"status-publish","4":"has-post-thumbnail","6":"product_cat-cats-co","7":"product_cat-karle-marquet","8":"product_cat-artists","9":"product_cat-artworks","10":"product_cat-contemporary-art","12":"first","13":"instock","14":"sold-individually","15":"taxable","16":"shipping-taxable","17":"purchasable","18":"product-type-simple"},"_links":{"self":[{"href":"https:\/\/galeriesalvador.com\/fr\/wp-json\/wp\/v2\/product\/782","targetHints":{"allow":["GET"]}}],"collection":[{"href":"https:\/\/galeriesalvador.com\/fr\/wp-json\/wp\/v2\/product"}],"about":[{"href":"https:\/\/galeriesalvador.com\/fr\/wp-json\/wp\/v2\/types\/product"}],"wp:featuredmedia":[{"embeddable":true,"href":"https:\/\/galeriesalvador.com\/fr\/wp-json\/wp\/v2\/media\/783"}],"wp:attachment":[{"href":"https:\/\/galeriesalvador.com\/fr\/wp-json\/wp\/v2\/media?parent=782"}],"wp:term":[{"taxonomy":"product_brand","embeddable":true,"href":"https:\/\/galeriesalvador.com\/fr\/wp-json\/wp\/v2\/product_brand?post=782"},{"taxonomy":"product_cat","embeddable":true,"href":"https:\/\/galeriesalvador.com\/fr\/wp-json\/wp\/v2\/product_cat?post=782"},{"taxonomy":"product_tag","embeddable":true,"href":"https:\/\/galeriesalvador.com\/fr\/wp-json\/wp\/v2\/product_tag?post=782"}],"curies":[{"name":"wp","href":"https:\/\/api.w.org\/{rel}","templated":true}]}}